{"id":497,"date":"2023-01-16T15:51:53","date_gmt":"2023-01-16T14:51:53","guid":{"rendered":"http:\/\/www.sc-rieste.de\/?page_id=497"},"modified":"2026-02-16T15:44:42","modified_gmt":"2026-02-16T14:44:42","slug":"boxen","status":"publish","type":"page","link":"http:\/\/www.sc-rieste.de\/?page_id=497","title":{"rendered":"Boxen"},"content":{"rendered":"\n<figure class=\"wp-block-image size-full\"><img decoding=\"async\" width=\"800\" height=\"450\" src=\"http:\/\/www.sc-rieste.de\/wp-content\/uploads\/2023\/01\/boxen-sc-rieste-probetraining_201706061535_full.jpg\" alt=\"\" class=\"wp-image-550\" srcset=\"http:\/\/www.sc-rieste.de\/wp-content\/uploads\/2023\/01\/boxen-sc-rieste-probetraining_201706061535_full.jpg 800w, http:\/\/www.sc-rieste.de\/wp-content\/uploads\/2023\/01\/boxen-sc-rieste-probetraining_201706061535_full-300x169.jpg 300w, http:\/\/www.sc-rieste.de\/wp-content\/uploads\/2023\/01\/boxen-sc-rieste-probetraining_201706061535_full-768x432.jpg 768w\" sizes=\"(max-width: 800px) 100vw, 800px\" \/><\/figure>\n\n\n\n<p>Muhammad Ali, Vitali und Wladimir Klitschko oder Max Schmeling \u2013 all diese Legenden des Boxsportes haben eines gemeinsam: Jeder von ihnen hat mal klein angefangen. <\/p>\n\n\n\n<p>Auch beim SC Rieste wurde die Kampfsportart im Jahr 2017 in das offizielle Programm aufgenommen und erfreut sich seither wachsender Beliebtheit. F\u00fcr Boxtrainer Keysettin (KCi) Akan ist es mehr als ein Sport, es ist eine Leidenschaft. Jahrelang war er selbst als Amateurboxer und auch als Trainer in Vereinen und Schulen aktiv. Ganz besonders wichtig sind ihm Respekt und Disziplin, zwei Grundpfeiler f\u00fcr die Aus\u00fcbung des Sportes. Die technisch anspruchsvolle Sportart, welche auch ein hohes Ma\u00df an Ausdauer von den Boxern verlangt, hat schnell Anklang gefunden: Nicht nur Kinder und Jugendliche, auch Erwachsene machten sich bald auf zum w\u00f6chentlichen Boxtraining. \u00dcber Blessuren und das ein oder andere Veilchen braucht sich keiner sorgen. \u201eEin blaues Auge ist nach einer Woche wieder weg\u201c erkl\u00e4rte die ehemalige Schriftf\u00fchrerin Miriam Kr\u00e4mer schmunzelnd, w\u00e4hrend sie sich selbst den ersten Trainingseinheiten anschloss. <\/p>\n\n\n\n<p>Auch eine offizielle Aufnahme in den Boxverband erfolgte 2018, sodass seitdem an Turnieren teilgenommen werden kann.<\/p>\n\n\n\n<p>Training:<\/p>\n\n\n\n<p>Montag 17-19 Uhr<\/p>\n\n\n\n<p>Mittwoch 19-21 Uhr<\/p>\n\n\n\n<p>Freitag 17-19 Uhr<\/p>\n\n\n\n<figure class=\"wp-block-table is-style-stripes\"><table><tbody><tr><td>Hank in der Stroth<\/td><td><\/td><td>0157\/35325277<\/td><td><\/td><\/tr><\/tbody><\/table><\/figure>\n","protected":false},"excerpt":{"rendered":"<p>Muhammad Ali, Vitali und Wladimir Klitschko oder Max Schmeling \u2013 all diese Legenden des Boxsportes haben eines gemeinsam: Jeder von ihnen hat mal klein angefangen. Auch beim SC Rieste wurde die Kampfsportart im Jahr 2017 in das offizielle Programm aufgenommen und erfreut sich seither wachsender Beliebtheit. F\u00fcr Boxtrainer Keysettin (KCi) Akan ist es mehr als [&hellip;]<\/p>\n","protected":false},"author":2,"featured_media":0,"parent":0,"menu_order":0,"comment_status":"closed","ping_status":"closed","template":"","meta":{"footnotes":""},"class_list":["post-497","page","type-page","status-publish","hentry"],"yoast_head":"<!-- This site is optimized with the Yoast SEO plugin v19.14 - https:\/\/yoast.com\/wordpress\/plugins\/seo\/ -->\n<title>Boxen - SC Rieste<\/title>\n<meta name=\"robots\" content=\"index, follow, max-snippet:-1, max-image-preview:large, max-video-preview:-1\" \/>\n<link rel=\"canonical\" href=\"http:\/\/www.sc-rieste.de\/?page_id=497\" \/>\n<meta property=\"og:locale\" content=\"de_DE\" \/>\n<meta property=\"og:type\" content=\"article\" \/>\n<meta property=\"og:title\" content=\"Boxen - SC Rieste\" \/>\n<meta property=\"og:description\" content=\"Muhammad Ali, Vitali und Wladimir Klitschko oder Max Schmeling \u2013 all diese Legenden des Boxsportes haben eines gemeinsam: Jeder von ihnen hat mal klein angefangen. Auch beim SC Rieste wurde die Kampfsportart im Jahr 2017 in das offizielle Programm aufgenommen und erfreut sich seither wachsender Beliebtheit. F\u00fcr Boxtrainer Keysettin (KCi) Akan ist es mehr als [&hellip;]\" \/>\n<meta property=\"og:url\" content=\"http:\/\/www.sc-rieste.de\/?page_id=497\" \/>\n<meta property=\"og:site_name\" content=\"SC Rieste\" \/>\n<meta property=\"article:modified_time\" content=\"2026-02-16T14:44:42+00:00\" \/>\n<meta property=\"og:image\" content=\"http:\/\/www.sc-rieste.de\/wp-content\/uploads\/2023\/01\/boxen-sc-rieste-probetraining_201706061535_full.jpg\" \/>\n<meta name=\"twitter:card\" content=\"summary_large_image\" \/>\n<meta name=\"twitter:label1\" content=\"Gesch\u00e4tzte Lesezeit\" \/>\n\t<meta name=\"twitter:data1\" content=\"2\u00a0Minuten\" \/>\n<script type=\"application\/ld+json\" class=\"yoast-schema-graph\">{\"@context\":\"https:\/\/schema.org\",\"@graph\":[{\"@type\":\"WebPage\",\"@id\":\"http:\/\/www.sc-rieste.de\/?page_id=497\",\"url\":\"http:\/\/www.sc-rieste.de\/?page_id=497\",\"name\":\"Boxen - SC Rieste\",\"isPartOf\":{\"@id\":\"http:\/\/www.sc-rieste.de\/#website\"},\"datePublished\":\"2023-01-16T14:51:53+00:00\",\"dateModified\":\"2026-02-16T14:44:42+00:00\",\"breadcrumb\":{\"@id\":\"http:\/\/www.sc-rieste.de\/?page_id=497#breadcrumb\"},\"inLanguage\":\"de\",\"potentialAction\":[{\"@type\":\"ReadAction\",\"target\":[\"http:\/\/www.sc-rieste.de\/?page_id=497\"]}]},{\"@type\":\"BreadcrumbList\",\"@id\":\"http:\/\/www.sc-rieste.de\/?page_id=497#breadcrumb\",\"itemListElement\":[{\"@type\":\"ListItem\",\"position\":1,\"name\":\"Startseite\",\"item\":\"http:\/\/www.sc-rieste.de\/\"},{\"@type\":\"ListItem\",\"position\":2,\"name\":\"Boxen\"}]},{\"@type\":\"WebSite\",\"@id\":\"http:\/\/www.sc-rieste.de\/#website\",\"url\":\"http:\/\/www.sc-rieste.de\/\",\"name\":\"SC Rieste\",\"description\":\"\",\"publisher\":{\"@id\":\"http:\/\/www.sc-rieste.de\/#organization\"},\"potentialAction\":[{\"@type\":\"SearchAction\",\"target\":{\"@type\":\"EntryPoint\",\"urlTemplate\":\"http:\/\/www.sc-rieste.de\/?s={search_term_string}\"},\"query-input\":\"required name=search_term_string\"}],\"inLanguage\":\"de\"},{\"@type\":\"Organization\",\"@id\":\"http:\/\/www.sc-rieste.de\/#organization\",\"name\":\"SC Rieste\",\"url\":\"http:\/\/www.sc-rieste.de\/\",\"logo\":{\"@type\":\"ImageObject\",\"inLanguage\":\"de\",\"@id\":\"http:\/\/www.sc-rieste.de\/#\/schema\/logo\/image\/\",\"url\":\"http:\/\/www.sc-rieste.de\/wp-content\/uploads\/2023\/01\/Logo-100-Jahre.jpg\",\"contentUrl\":\"http:\/\/www.sc-rieste.de\/wp-content\/uploads\/2023\/01\/Logo-100-Jahre.jpg\",\"width\":1942,\"height\":1008,\"caption\":\"SC Rieste\"},\"image\":{\"@id\":\"http:\/\/www.sc-rieste.de\/#\/schema\/logo\/image\/\"}}]}<\/script>\n<!-- \/ Yoast SEO plugin. -->","yoast_head_json":{"title":"Boxen - SC Rieste","robots":{"index":"index","follow":"follow","max-snippet":"max-snippet:-1","max-image-preview":"max-image-preview:large","max-video-preview":"max-video-preview:-1"},"canonical":"http:\/\/www.sc-rieste.de\/?page_id=497","og_locale":"de_DE","og_type":"article","og_title":"Boxen - SC Rieste","og_description":"Muhammad Ali, Vitali und Wladimir Klitschko oder Max Schmeling \u2013 all diese Legenden des Boxsportes haben eines gemeinsam: Jeder von ihnen hat mal klein angefangen. Auch beim SC Rieste wurde die Kampfsportart im Jahr 2017 in das offizielle Programm aufgenommen und erfreut sich seither wachsender Beliebtheit. F\u00fcr Boxtrainer Keysettin (KCi) Akan ist es mehr als [&hellip;]","og_url":"http:\/\/www.sc-rieste.de\/?page_id=497","og_site_name":"SC Rieste","article_modified_time":"2026-02-16T14:44:42+00:00","og_image":[{"url":"http:\/\/www.sc-rieste.de\/wp-content\/uploads\/2023\/01\/boxen-sc-rieste-probetraining_201706061535_full.jpg"}],"twitter_card":"summary_large_image","twitter_misc":{"Gesch\u00e4tzte Lesezeit":"2\u00a0Minuten"},"schema":{"@context":"https:\/\/schema.org","@graph":[{"@type":"WebPage","@id":"http:\/\/www.sc-rieste.de\/?page_id=497","url":"http:\/\/www.sc-rieste.de\/?page_id=497","name":"Boxen - SC Rieste","isPartOf":{"@id":"http:\/\/www.sc-rieste.de\/#website"},"datePublished":"2023-01-16T14:51:53+00:00","dateModified":"2026-02-16T14:44:42+00:00","breadcrumb":{"@id":"http:\/\/www.sc-rieste.de\/?page_id=497#breadcrumb"},"inLanguage":"de","potentialAction":[{"@type":"ReadAction","target":["http:\/\/www.sc-rieste.de\/?page_id=497"]}]},{"@type":"BreadcrumbList","@id":"http:\/\/www.sc-rieste.de\/?page_id=497#breadcrumb","itemListElement":[{"@type":"ListItem","position":1,"name":"Startseite","item":"http:\/\/www.sc-rieste.de\/"},{"@type":"ListItem","position":2,"name":"Boxen"}]},{"@type":"WebSite","@id":"http:\/\/www.sc-rieste.de\/#website","url":"http:\/\/www.sc-rieste.de\/","name":"SC Rieste","description":"","publisher":{"@id":"http:\/\/www.sc-rieste.de\/#organization"},"potentialAction":[{"@type":"SearchAction","target":{"@type":"EntryPoint","urlTemplate":"http:\/\/www.sc-rieste.de\/?s={search_term_string}"},"query-input":"required name=search_term_string"}],"inLanguage":"de"},{"@type":"Organization","@id":"http:\/\/www.sc-rieste.de\/#organization","name":"SC Rieste","url":"http:\/\/www.sc-rieste.de\/","logo":{"@type":"ImageObject","inLanguage":"de","@id":"http:\/\/www.sc-rieste.de\/#\/schema\/logo\/image\/","url":"http:\/\/www.sc-rieste.de\/wp-content\/uploads\/2023\/01\/Logo-100-Jahre.jpg","contentUrl":"http:\/\/www.sc-rieste.de\/wp-content\/uploads\/2023\/01\/Logo-100-Jahre.jpg","width":1942,"height":1008,"caption":"SC Rieste"},"image":{"@id":"http:\/\/www.sc-rieste.de\/#\/schema\/logo\/image\/"}}]}},"_links":{"self":[{"href":"http:\/\/www.sc-rieste.de\/index.php?rest_route=\/wp\/v2\/pages\/497","targetHints":{"allow":["GET"]}}],"collection":[{"href":"http:\/\/www.sc-rieste.de\/index.php?rest_route=\/wp\/v2\/pages"}],"about":[{"href":"http:\/\/www.sc-rieste.de\/index.php?rest_route=\/wp\/v2\/types\/page"}],"author":[{"embeddable":true,"href":"http:\/\/www.sc-rieste.de\/index.php?rest_route=\/wp\/v2\/users\/2"}],"replies":[{"embeddable":true,"href":"http:\/\/www.sc-rieste.de\/index.php?rest_route=%2Fwp%2Fv2%2Fcomments&post=497"}],"version-history":[{"count":4,"href":"http:\/\/www.sc-rieste.de\/index.php?rest_route=\/wp\/v2\/pages\/497\/revisions"}],"predecessor-version":[{"id":759,"href":"http:\/\/www.sc-rieste.de\/index.php?rest_route=\/wp\/v2\/pages\/497\/revisions\/759"}],"wp:attachment":[{"href":"http:\/\/www.sc-rieste.de\/index.php?rest_route=%2Fwp%2Fv2%2Fmedia&parent=497"}],"curies":[{"name":"wp","href":"https:\/\/api.w.org\/{rel}","templated":true}]}}