{"id":458,"date":"2023-01-10T16:25:44","date_gmt":"2023-01-10T15:25:44","guid":{"rendered":"http:\/\/www.sc-rieste.de\/?page_id=458"},"modified":"2025-09-09T10:13:08","modified_gmt":"2025-09-09T08:13:08","slug":"bullermeck-cup","status":"publish","type":"page","link":"http:\/\/www.sc-rieste.de\/?page_id=458","title":{"rendered":"Bullermeck Cup"},"content":{"rendered":"\n<p><strong>\u201eBullermeck \u2013 Fussballjugendcup\u201c &#8211; Sport-Club Rieste v. 1920 e.V.&nbsp;<\/strong><\/p>\n\n\n\n<p>Der \u201eBullermeck &#8211; Cup\u201c fand in diesem Jahr bei fantastischem Sommerwetter von Donnerstag 07.08. \u2013 Sonntag 10.08.2025 auf der Sportanlage des Sport-Clubs Rieste auf Lage statt.<\/p>\n\n\n\n<p>Im 20. Jahr des von Dirk Janssen, dem Betreiber des \u201eBullermeck \u2013 Funcenters\u201c unterst\u00fctzten Jugendfu\u00dfballturniers f\u00fcr M\u00e4dchen und Jungen aller Altersklassen, nahmen in diesem Jahr ca. 90 Mannschaften aus den Landkreisen Cloppenburg (JFV CLP), dem fast komplett vertretenen Landkreis Vechta (von RW Visbek bis JSG Neuenkirchen\/V\u00f6rden), dem Landkreis Steinfurt (Arminia Ibbenb\u00fcren, Westfalia Hopsten und SF Lotte), dem Landkreis Warendorf (JSG Telgte\/Handorf), sowie der Stadt- u. dem Landkreis Osnabr\u00fcck (von JFV Nordland, TuS Haste, JSG Hellern OTB &nbsp;\u2013 SG Wimmer\/Lintorf) statt.<\/p>\n\n\n\n<p>Unter der Leitung des neuen Orgateams mit J\u00f6rg Koldehoff, Andre\u00b4 Goda, Jens Gramann ,Heiko Knufmann und Frank Schruttke mit Unterst\u00fctzung des Vorstandsteams waren die Turniere, sowohl sportlich als auch organisatorisch ein \u201eVolltreffer\u201c!<\/p>\n\n\n\n<p>Nicht vergessen m\u00f6chten wir an dieser Stelle das Schiedsrichterteam mit Heinz Kr\u00e4mer, Dennis Graf, Steffen u. Florian Pr\u00fcne, Jan Luca Pahnke, Finn Luca Klenke, Luk Barlage, Theo Lindwehr, Matas Polikevicius und Marlon Beisel, das steht\u2018s auf \u201eBallh\u00f6he\u201c war!<\/p>\n\n\n\n<p>Ebenfalls nicht unerw\u00e4hnt lassen m\u00f6chten wir die Helferinnen und Helfern aus den Teams der 1. + 2. Herren, den Alten Herren, der A-Jgd u. B-Jgd., sowie dem Team der\u201c Grillh\u00fctte\u201c, die im 2-Schichtbetrieb Dienst im Getr\u00e4nkepavillon, sowie in der Grillh\u00fctte Dienst getan haben.<\/p>\n\n\n\n<p>Der letzte Dank geht an dieser Stelle an alle Damen, die sich im Sporthaus um das Fr\u00fchst\u00fcck, den Kaffee u. Kuchen und den Eisverkauf gek\u00fcmmert haben, sowie allen Spendern der sehr leckeren und reichlich vorhandenen Kuchen.<\/p>\n\n\n\n<p>Ohne alle diese freiwilligen Helferinnen u. Helfer w\u00e4re dieses Turnier in der Gr\u00f6\u00dfenordnung nicht m\u00f6glich. Vielen, vielen Dank nochmals an ALLE!<\/p>\n\n\n\n<p>Besonders geehrt gef\u00fchlt haben wir uns, als am Samstagmorgen die ersten sehr umfassenden WhatsApps in der f\u00fcr dieses Turnier eingerichteten WhatsApp \u2013 Gruppe aller teilnehmenden Mannschaften eingetroffen sind. Das Feedback war einfach nur \u00fcberw\u00e4ltigend(!!) und vielfach verbunden mit der Turnierzusage f\u00fcr den vom 06. \u2013 09.08.2026 stattfindenden \u201eBullermeck \u2013 Cup\u201c!<\/p>\n\n\n\n<p>Zum Schluss bedanken wir uns nochmals bei Dirk Janssen, der in diesem Jahr nicht nur den Siegerteams der G \u2013 D Jugend Eintrittsgutscheine f\u00fcr das \u201eBullermeck \u2013 Funcenter\u201c&nbsp; zukommen lassen, sondern auch die C \u2013 A Jugendteams zu einer abendlichen Siegereventveranstaltung incl. Catering, eingeladen hat.<\/p>\n\n\n\n<p>Vor diesem Hintergrund freuen wir uns schon jetzt auf den \u201eBullermeck \u2013 Cup2026\u201c!!<\/p>\n\n\n\n<p><strong>Das Orgateam &amp; der Vorstand des Sport-Clubs Rieste v. 1920 e.V.<\/strong><\/p>\n","protected":false},"excerpt":{"rendered":"<p>\u201eBullermeck \u2013 Fussballjugendcup\u201c &#8211; Sport-Club Rieste v. 1920 e.V.&nbsp; Der \u201eBullermeck &#8211; Cup\u201c fand in diesem Jahr bei fantastischem Sommerwetter von Donnerstag 07.08. \u2013 Sonntag 10.08.2025 auf der Sportanlage des Sport-Clubs Rieste auf Lage statt. Im 20. Jahr des von Dirk Janssen, dem Betreiber des \u201eBullermeck \u2013 Funcenters\u201c unterst\u00fctzten Jugendfu\u00dfballturniers f\u00fcr M\u00e4dchen und Jungen aller [&hellip;]<\/p>\n","protected":false},"author":1,"featured_media":0,"parent":0,"menu_order":0,"comment_status":"closed","ping_status":"closed","template":"","meta":{"footnotes":""},"class_list":["post-458","page","type-page","status-publish","hentry"],"yoast_head":"<!-- This site is optimized with the Yoast SEO plugin v19.14 - https:\/\/yoast.com\/wordpress\/plugins\/seo\/ -->\n<title>Bullermeck Cup - SC Rieste<\/title>\n<meta name=\"robots\" content=\"index, follow, max-snippet:-1, max-image-preview:large, max-video-preview:-1\" \/>\n<link rel=\"canonical\" href=\"https:\/\/www.sc-rieste.de\/?page_id=458\" \/>\n<meta property=\"og:locale\" content=\"de_DE\" \/>\n<meta property=\"og:type\" content=\"article\" \/>\n<meta property=\"og:title\" content=\"Bullermeck Cup - SC Rieste\" \/>\n<meta property=\"og:description\" content=\"\u201eBullermeck \u2013 Fussballjugendcup\u201c &#8211; Sport-Club Rieste v. 1920 e.V.&nbsp; Der \u201eBullermeck &#8211; Cup\u201c fand in diesem Jahr bei fantastischem Sommerwetter von Donnerstag 07.08. \u2013 Sonntag 10.08.2025 auf der Sportanlage des Sport-Clubs Rieste auf Lage statt. Im 20. Jahr des von Dirk Janssen, dem Betreiber des \u201eBullermeck \u2013 Funcenters\u201c unterst\u00fctzten Jugendfu\u00dfballturniers f\u00fcr M\u00e4dchen und Jungen aller [&hellip;]\" \/>\n<meta property=\"og:url\" content=\"https:\/\/www.sc-rieste.de\/?page_id=458\" \/>\n<meta property=\"og:site_name\" content=\"SC Rieste\" \/>\n<meta property=\"article:modified_time\" content=\"2025-09-09T08:13:08+00:00\" \/>\n<meta name=\"twitter:card\" content=\"summary_large_image\" \/>\n<meta name=\"twitter:label1\" content=\"Gesch\u00e4tzte Lesezeit\" \/>\n\t<meta name=\"twitter:data1\" content=\"3\u00a0Minuten\" \/>\n<script type=\"application\/ld+json\" class=\"yoast-schema-graph\">{\"@context\":\"https:\/\/schema.org\",\"@graph\":[{\"@type\":\"WebPage\",\"@id\":\"https:\/\/www.sc-rieste.de\/?page_id=458\",\"url\":\"https:\/\/www.sc-rieste.de\/?page_id=458\",\"name\":\"Bullermeck Cup - SC Rieste\",\"isPartOf\":{\"@id\":\"http:\/\/www.sc-rieste.de\/#website\"},\"datePublished\":\"2023-01-10T15:25:44+00:00\",\"dateModified\":\"2025-09-09T08:13:08+00:00\",\"breadcrumb\":{\"@id\":\"https:\/\/www.sc-rieste.de\/?page_id=458#breadcrumb\"},\"inLanguage\":\"de\",\"potentialAction\":[{\"@type\":\"ReadAction\",\"target\":[\"https:\/\/www.sc-rieste.de\/?page_id=458\"]}]},{\"@type\":\"BreadcrumbList\",\"@id\":\"https:\/\/www.sc-rieste.de\/?page_id=458#breadcrumb\",\"itemListElement\":[{\"@type\":\"ListItem\",\"position\":1,\"name\":\"Startseite\",\"item\":\"http:\/\/www.sc-rieste.de\/\"},{\"@type\":\"ListItem\",\"position\":2,\"name\":\"Bullermeck Cup\"}]},{\"@type\":\"WebSite\",\"@id\":\"http:\/\/www.sc-rieste.de\/#website\",\"url\":\"http:\/\/www.sc-rieste.de\/\",\"name\":\"SC Rieste\",\"description\":\"\",\"publisher\":{\"@id\":\"http:\/\/www.sc-rieste.de\/#organization\"},\"potentialAction\":[{\"@type\":\"SearchAction\",\"target\":{\"@type\":\"EntryPoint\",\"urlTemplate\":\"http:\/\/www.sc-rieste.de\/?s={search_term_string}\"},\"query-input\":\"required name=search_term_string\"}],\"inLanguage\":\"de\"},{\"@type\":\"Organization\",\"@id\":\"http:\/\/www.sc-rieste.de\/#organization\",\"name\":\"SC Rieste\",\"url\":\"http:\/\/www.sc-rieste.de\/\",\"logo\":{\"@type\":\"ImageObject\",\"inLanguage\":\"de\",\"@id\":\"http:\/\/www.sc-rieste.de\/#\/schema\/logo\/image\/\",\"url\":\"http:\/\/www.sc-rieste.de\/wp-content\/uploads\/2023\/01\/Logo-100-Jahre.jpg\",\"contentUrl\":\"http:\/\/www.sc-rieste.de\/wp-content\/uploads\/2023\/01\/Logo-100-Jahre.jpg\",\"width\":1942,\"height\":1008,\"caption\":\"SC Rieste\"},\"image\":{\"@id\":\"http:\/\/www.sc-rieste.de\/#\/schema\/logo\/image\/\"}}]}<\/script>\n<!-- \/ Yoast SEO plugin. -->","yoast_head_json":{"title":"Bullermeck Cup - SC Rieste","robots":{"index":"index","follow":"follow","max-snippet":"max-snippet:-1","max-image-preview":"max-image-preview:large","max-video-preview":"max-video-preview:-1"},"canonical":"https:\/\/www.sc-rieste.de\/?page_id=458","og_locale":"de_DE","og_type":"article","og_title":"Bullermeck Cup - SC Rieste","og_description":"\u201eBullermeck \u2013 Fussballjugendcup\u201c &#8211; Sport-Club Rieste v. 1920 e.V.&nbsp; Der \u201eBullermeck &#8211; Cup\u201c fand in diesem Jahr bei fantastischem Sommerwetter von Donnerstag 07.08. \u2013 Sonntag 10.08.2025 auf der Sportanlage des Sport-Clubs Rieste auf Lage statt. Im 20. Jahr des von Dirk Janssen, dem Betreiber des \u201eBullermeck \u2013 Funcenters\u201c unterst\u00fctzten Jugendfu\u00dfballturniers f\u00fcr M\u00e4dchen und Jungen aller [&hellip;]","og_url":"https:\/\/www.sc-rieste.de\/?page_id=458","og_site_name":"SC Rieste","article_modified_time":"2025-09-09T08:13:08+00:00","twitter_card":"summary_large_image","twitter_misc":{"Gesch\u00e4tzte Lesezeit":"3\u00a0Minuten"},"schema":{"@context":"https:\/\/schema.org","@graph":[{"@type":"WebPage","@id":"https:\/\/www.sc-rieste.de\/?page_id=458","url":"https:\/\/www.sc-rieste.de\/?page_id=458","name":"Bullermeck Cup - SC Rieste","isPartOf":{"@id":"http:\/\/www.sc-rieste.de\/#website"},"datePublished":"2023-01-10T15:25:44+00:00","dateModified":"2025-09-09T08:13:08+00:00","breadcrumb":{"@id":"https:\/\/www.sc-rieste.de\/?page_id=458#breadcrumb"},"inLanguage":"de","potentialAction":[{"@type":"ReadAction","target":["https:\/\/www.sc-rieste.de\/?page_id=458"]}]},{"@type":"BreadcrumbList","@id":"https:\/\/www.sc-rieste.de\/?page_id=458#breadcrumb","itemListElement":[{"@type":"ListItem","position":1,"name":"Startseite","item":"http:\/\/www.sc-rieste.de\/"},{"@type":"ListItem","position":2,"name":"Bullermeck Cup"}]},{"@type":"WebSite","@id":"http:\/\/www.sc-rieste.de\/#website","url":"http:\/\/www.sc-rieste.de\/","name":"SC Rieste","description":"","publisher":{"@id":"http:\/\/www.sc-rieste.de\/#organization"},"potentialAction":[{"@type":"SearchAction","target":{"@type":"EntryPoint","urlTemplate":"http:\/\/www.sc-rieste.de\/?s={search_term_string}"},"query-input":"required name=search_term_string"}],"inLanguage":"de"},{"@type":"Organization","@id":"http:\/\/www.sc-rieste.de\/#organization","name":"SC Rieste","url":"http:\/\/www.sc-rieste.de\/","logo":{"@type":"ImageObject","inLanguage":"de","@id":"http:\/\/www.sc-rieste.de\/#\/schema\/logo\/image\/","url":"http:\/\/www.sc-rieste.de\/wp-content\/uploads\/2023\/01\/Logo-100-Jahre.jpg","contentUrl":"http:\/\/www.sc-rieste.de\/wp-content\/uploads\/2023\/01\/Logo-100-Jahre.jpg","width":1942,"height":1008,"caption":"SC Rieste"},"image":{"@id":"http:\/\/www.sc-rieste.de\/#\/schema\/logo\/image\/"}}]}},"_links":{"self":[{"href":"http:\/\/www.sc-rieste.de\/index.php?rest_route=\/wp\/v2\/pages\/458","targetHints":{"allow":["GET"]}}],"collection":[{"href":"http:\/\/www.sc-rieste.de\/index.php?rest_route=\/wp\/v2\/pages"}],"about":[{"href":"http:\/\/www.sc-rieste.de\/index.php?rest_route=\/wp\/v2\/types\/page"}],"author":[{"embeddable":true,"href":"http:\/\/www.sc-rieste.de\/index.php?rest_route=\/wp\/v2\/users\/1"}],"replies":[{"embeddable":true,"href":"http:\/\/www.sc-rieste.de\/index.php?rest_route=%2Fwp%2Fv2%2Fcomments&post=458"}],"version-history":[{"count":6,"href":"http:\/\/www.sc-rieste.de\/index.php?rest_route=\/wp\/v2\/pages\/458\/revisions"}],"predecessor-version":[{"id":722,"href":"http:\/\/www.sc-rieste.de\/index.php?rest_route=\/wp\/v2\/pages\/458\/revisions\/722"}],"wp:attachment":[{"href":"http:\/\/www.sc-rieste.de\/index.php?rest_route=%2Fwp%2Fv2%2Fmedia&parent=458"}],"curies":[{"name":"wp","href":"https:\/\/api.w.org\/{rel}","templated":true}]}}