{"id":453,"date":"2023-01-10T15:57:33","date_gmt":"2023-01-10T14:57:33","guid":{"rendered":"http:\/\/www.sc-rieste.de\/?page_id=453"},"modified":"2023-04-14T15:03:22","modified_gmt":"2023-04-14T13:03:22","slug":"alte-herren","status":"publish","type":"page","link":"http:\/\/www.sc-rieste.de\/?page_id=453","title":{"rendered":"Alte Herren"},"content":{"rendered":"\n<figure class=\"wp-block-image\"><img decoding=\"async\" src=\"http:\/\/web.archive.org\/web\/20220624223359im_\/http:\/\/sc-rieste.de\/system\/html\/Alte%20Herren%20006.JPG-657f8480.jpg\" alt=\"\"\/><\/figure>\n\n\n\n<p>Ansprechpartner:<\/p>\n\n\n\n<figure class=\"wp-block-table\"><table><tbody><tr><td>Guido R\u00f6wekamp<\/td><td>1. Vorsitzender<\/td><td>0172-5204905<\/td><\/tr><tr><td>Stefan Buck<\/td><td>2. Vorsitzender<\/td><td>0170-5601057<\/td><\/tr><\/tbody><\/table><\/figure>\n\n\n\n<figure class=\"wp-block-image\"><img decoding=\"async\" src=\"http:\/\/web.archive.org\/web\/20220624223359im_\/http:\/\/sc-rieste.de\/tl_files\/01_fussball\/alteherren\/Alte%20Herren%20012.JPG\" alt=\"\"\/><\/figure>\n\n\n\n<h2 class=\"wp-block-heading\">50Jahre Alte Herren &#8211; Jubil\u00e4umsturnier<\/h2>\n\n\n\n<p>Das Jubil\u00e4umsturnier mit zehn Mannschaften war ein toller Erfolg. Die Mannschaften aus V\u00f6rden, vom TuS Neuenkirchen, der TSV Wallenhorst, BW Merzen und der SV Teutonia Staden aus Frankfurt bildeten die Gruppe A. Sie lieferten sich packende Spiele.Sieger der Gruppe A wurde die Mannschaft aus Merzen, Zweiter wurde der TSV Wallenhorst.<br>Die Gruppe B bestand aus Eintracht Neuenkirchen, SV Alfhausen, SV Quitt Ankum, SV Weiner und Gastgeber SC Rieste. Wie auch in der anderen Gruppe gab es tolle Spiele. Sieger der Gruppe B wurde der SV Quitt Ankum, zweiter die Mannschaft von Eintracht Neuenkirchen.<br>Das Spiel um Platz drei und vier wurde mit einem Neunmeterschie\u00dfen ausgetragen. Die Eintracht aus Neuenkirchen behielt die Nerven und gewann gegen den TSV Wallenhorst.<br>Das Endspiel bestritt BW Merzen gegen SV Quitt Ankum. Mit einem knappen aber verdienten Turniersieg gewann BW Merzen mit 1:0.<br>Nach dem Turnier wurde die dritte Halbzeit angepfiffen wo noch lange zusammen gesessen und gefeiert wurde.<\/p>\n\n\n\n<figure class=\"wp-block-image\"><img decoding=\"async\" src=\"http:\/\/web.archive.org\/web\/20220525010832im_\/http:\/\/sc-rieste.de\/system\/html\/Alte%20Herren%20049.JPG-daa49b28.jpg\" alt=\"Alte Herren 049.JPG\"\/><\/figure>\n\n\n\n<figure class=\"wp-block-image\"><img decoding=\"async\" src=\"http:\/\/web.archive.org\/web\/20220525010832im_\/http:\/\/sc-rieste.de\/system\/html\/Alte%20Herren%20056.JPG-0bc44104.jpg\" alt=\"Alte Herren 056.JPG\"\/><\/figure>\n\n\n\n<figure class=\"wp-block-image\"><img decoding=\"async\" src=\"http:\/\/web.archive.org\/web\/20220525010832im_\/http:\/\/sc-rieste.de\/system\/html\/Alte%20Herren%20071.JPG-5c763c34.jpg\" alt=\"Alte Herren 071.JPG\"\/><\/figure>\n\n\n\n<figure class=\"wp-block-image\"><img decoding=\"async\" src=\"http:\/\/web.archive.org\/web\/20220525010832im_\/http:\/\/sc-rieste.de\/system\/html\/Alte%20Herren%20108.JPG-61cb5d18.jpg\" alt=\"Alte Herren 108.JPG\"\/><\/figure>\n\n\n\n<p><strong>Mannschaftsfahrt &#8211; Alte Herren vom 24. &#8211; 26.06.2016 nach Staden<\/strong><br>======================================================<br>Auf Einladung von Dirk Stuckenberg, dem ehemaligen Fussballer des SC<br>Rieste, startete eine 35 k\u00f6pfige&nbsp; Gruppe der Altherrenmannschaft mit Ihren<br>Partnerinnen am 24.06. um 09.00 Uhr p\u00fcnktlich zum lang ersehnten Gegenbesuch<br>beim SV Teutonia Staden von 1921. Nachdem die Stadener Fussballer bereits<br>beim ersten Zusammentreffen zum Freundschaftsspiel vor drei Jahren sowie im<br>vergangen Jahr zum Jubil\u00e4umsturnier der Alten Herren nach Rieste gereist<br>waren, konnten nun erstmals die Riester Alte Herren die Busfahrt im von<br>Frank Revermann, ebenfalls einem ehemaligen Riester Fussballer, in die 800<br>Seelen Stadt 30 km nordoestlich von Frankfurt geniessen.<br><br>Nach der Ankunft am fr\u00fchen Nachmittag, erfolgte die Begr\u00fcssung durch Dirk<br>und Kerstin Stuckenberg sowie einer Abordnung des Stadener Altherrenteams,<br>bei herrlichem Sommerwetter mit Kaffee und Kuchen im Biergarten der<br>Hotelpension Silke, in dem einige der Rieste Altherren untergebracht waren.<br>Danach gab es eine umfangreiche Stadtf\u00fchrung unter Leitung einer<br>&#8222;offiziellen&#8220; Fremdenf\u00fchrerin, in der Stadens Sehensw\u00fcrdigkeiten, wie das<br>L\u00f6w&#8217;sche Schlo\u00df, der Torturm der Burg sowie das Ysenburg&#8217;sche Schlo\u00df, in dem<br>der Grossteil der Mannschaft \u00fcbernachtete, angesehen und erkl\u00e4rt wurden.<br><br>Um 19.00 Uhr stieg dann das Fussball &#8211; Match zwischen dem Gastgebern aus<br>Staden und dem SC Rieste, in der die Altherren des SC R knapp gewann.<br>In der &#8222;dritten Halbzeit&#8220; bei einer Super -Sommerparty am frisch renovierten<br>Sportheim des SV Teutonia schaffte der Gastgebern dann den Ausgleich &#8230;<br><br>Am Samstagmorgen begann nach dem Fr\u00fchst\u00fcck eine mehrst\u00fcndige<br>Stadtbesichtigung in Frankfurt, nat\u00fcrlich unter der F\u00fchrung von Kerstin<br>(Frauen) und Dirk (M\u00e4nner), der im Stadtteil Bornheim als Polizeibeamter<br>t\u00e4tig ist.<br>Nach einem kurzem Fr\u00fchschoppen startete, unmittelbar vor dem Einsetzen des<br>Regens am Nachmittag, die R\u00fcckfahrt nach Staden. Dort fand abends eine Open<br>Air Party wiederum am Sportplatz mit einem &#8222;Super DJ&#8220;, gutem Wetter sowie<br>leckeren Grill- sowie Getr\u00e4nkespezialit\u00e4ten.<br><br>Am Sonntagmorgen ging es trotz des am Schloss Ysenburg stattfindenden<br>historischen Marktes, an dem viele Reiseteilnehmer sicherlich gerne noch<br>einen Fr\u00fchschoppen gemacht h\u00e4tten, p\u00fcnktlich um 11.00 Uhr unfallfrei nach<br>Rieste zur\u00fcck.&nbsp;&nbsp;&nbsp;<br>Alle reisenden Altherren sowie Partnerinnen werden diese Reise in sehr<br>guter Erinnerung behalten und freuen sich schon auf die n\u00e4chste Fahrt, bei<br>der sicherlich aufgrund der sehr grossen Resonanz aller Reisenden ein<br>gr\u00f6sserer Reisebus erforderlich sein wird. Ein ganz besonderer Dank geht an<br>das Altherrenteam des SV Teutonia mit Dirk und Kerstin an der Spitze, f\u00fcr<br>die super Organisation, sowie nat\u00fcrlich an Bucky, dem &#8222;Reiseleiter&#8220; der SC R<br>&#8211; Altherren.<br><\/p>\n\n\n\n<figure class=\"wp-block-image\"><img decoding=\"async\" src=\"http:\/\/web.archive.org\/web\/20220525000856im_\/http:\/\/sc-rieste.de\/system\/html\/20160624_154940-81780556.jpg\" alt=\"\"\/><\/figure>\n\n\n\n<figure class=\"wp-block-image\"><img decoding=\"async\" src=\"http:\/\/web.archive.org\/web\/20220525000856im_\/http:\/\/sc-rieste.de\/system\/html\/20160624_170433-73e89b1d.jpg\" alt=\"\"\/><\/figure>\n\n\n\n<figure class=\"wp-block-image\"><img decoding=\"async\" src=\"http:\/\/web.archive.org\/web\/20220525000856im_\/http:\/\/sc-rieste.de\/system\/html\/20160625_121008-760ed35a.jpg\" alt=\"\"\/><\/figure>\n\n\n\n<figure class=\"wp-block-image\"><img decoding=\"async\" src=\"http:\/\/web.archive.org\/web\/20220525000856im_\/http:\/\/sc-rieste.de\/system\/html\/20160625_122330-690ed30c.jpg\" alt=\"\"\/><\/figure>\n\n\n\n<figure class=\"wp-block-image\"><img decoding=\"async\" src=\"http:\/\/web.archive.org\/web\/20220525000856im_\/http:\/\/sc-rieste.de\/system\/html\/20160625_135835-a85a0d3c.jpg\" alt=\"\"\/><\/figure>\n\n\n\n<figure class=\"wp-block-image\"><img decoding=\"async\" src=\"http:\/\/web.archive.org\/web\/20220525000856im_\/http:\/\/sc-rieste.de\/system\/html\/20160625_194047-353605bb.jpg\" alt=\"\"\/><\/figure>\n\n\n\n<figure class=\"wp-block-image\"><img decoding=\"async\" src=\"http:\/\/web.archive.org\/web\/20220525000856im_\/http:\/\/sc-rieste.de\/system\/html\/IMG-20160624-WA0008-fbc86dbf.jpg\" alt=\"\"\/><\/figure>\n\n\n\n<figure class=\"wp-block-image\"><img decoding=\"async\" src=\"http:\/\/web.archive.org\/web\/20220525000856im_\/http:\/\/sc-rieste.de\/system\/html\/IMG-20160626-WA0003-8fad1746.jpg\" alt=\"\"\/><\/figure>\n\n\n\n<figure class=\"wp-block-image\"><img decoding=\"async\" src=\"http:\/\/web.archive.org\/web\/20220525000856im_\/http:\/\/sc-rieste.de\/system\/html\/IMG-20160721-WA0000-80c41987.jpg\" alt=\"\"\/><\/figure>\n\n\n\n<div class=\"wp-block-cover is-light is-layout-flow wp-block-cover-is-layout-flow\"><span aria-hidden=\"true\" class=\"wp-block-cover__background has-background-dim-100 has-background-dim\"><\/span><div class=\"wp-block-cover__inner-container\"><\/div><\/div>\n\n\n\n<div class=\"wp-block-cover is-light is-layout-flow wp-block-cover-is-layout-flow\"><span aria-hidden=\"true\" class=\"wp-block-cover__background has-background-dim-100 has-background-dim\"><\/span><div class=\"wp-block-cover__inner-container\"><\/div><\/div>\n","protected":false},"excerpt":{"rendered":"<p>Ansprechpartner: Guido R\u00f6wekamp 1. Vorsitzender 0172-5204905 Stefan Buck 2. Vorsitzender 0170-5601057 50Jahre Alte Herren &#8211; Jubil\u00e4umsturnier Das Jubil\u00e4umsturnier mit zehn Mannschaften war ein toller Erfolg. Die Mannschaften aus V\u00f6rden, vom TuS Neuenkirchen, der TSV Wallenhorst, BW Merzen und der SV Teutonia Staden aus Frankfurt bildeten die Gruppe A. Sie lieferten sich packende Spiele.Sieger der Gruppe [&hellip;]<\/p>\n","protected":false},"author":1,"featured_media":0,"parent":0,"menu_order":0,"comment_status":"closed","ping_status":"closed","template":"","meta":{"footnotes":""},"class_list":["post-453","page","type-page","status-publish","hentry"],"yoast_head":"<!-- This site is optimized with the Yoast SEO plugin v19.14 - https:\/\/yoast.com\/wordpress\/plugins\/seo\/ -->\n<title>Alte Herren - SC Rieste<\/title>\n<meta name=\"robots\" content=\"index, follow, max-snippet:-1, max-image-preview:large, max-video-preview:-1\" \/>\n<link rel=\"canonical\" href=\"http:\/\/www.sc-rieste.de\/?page_id=453\" \/>\n<meta property=\"og:locale\" content=\"de_DE\" \/>\n<meta property=\"og:type\" content=\"article\" \/>\n<meta property=\"og:title\" content=\"Alte Herren - SC Rieste\" \/>\n<meta property=\"og:description\" content=\"Ansprechpartner: Guido R\u00f6wekamp 1. Vorsitzender 0172-5204905 Stefan Buck 2. Vorsitzender 0170-5601057 50Jahre Alte Herren &#8211; Jubil\u00e4umsturnier Das Jubil\u00e4umsturnier mit zehn Mannschaften war ein toller Erfolg. Die Mannschaften aus V\u00f6rden, vom TuS Neuenkirchen, der TSV Wallenhorst, BW Merzen und der SV Teutonia Staden aus Frankfurt bildeten die Gruppe A. Sie lieferten sich packende Spiele.Sieger der Gruppe [&hellip;]\" \/>\n<meta property=\"og:url\" content=\"http:\/\/www.sc-rieste.de\/?page_id=453\" \/>\n<meta property=\"og:site_name\" content=\"SC Rieste\" \/>\n<meta property=\"article:modified_time\" content=\"2023-04-14T13:03:22+00:00\" \/>\n<meta property=\"og:image\" content=\"http:\/\/web.archive.org\/web\/20220624223359im_\/http:\/\/sc-rieste.de\/system\/html\/Alte%20Herren%20006.JPG-657f8480.jpg\" \/>\n<meta name=\"twitter:card\" content=\"summary_large_image\" \/>\n<meta name=\"twitter:label1\" content=\"Gesch\u00e4tzte Lesezeit\" \/>\n\t<meta name=\"twitter:data1\" content=\"7\u00a0Minuten\" \/>\n<script type=\"application\/ld+json\" class=\"yoast-schema-graph\">{\"@context\":\"https:\/\/schema.org\",\"@graph\":[{\"@type\":\"WebPage\",\"@id\":\"http:\/\/www.sc-rieste.de\/?page_id=453\",\"url\":\"http:\/\/www.sc-rieste.de\/?page_id=453\",\"name\":\"Alte Herren - SC Rieste\",\"isPartOf\":{\"@id\":\"https:\/\/www.sc-rieste.de\/#website\"},\"datePublished\":\"2023-01-10T14:57:33+00:00\",\"dateModified\":\"2023-04-14T13:03:22+00:00\",\"breadcrumb\":{\"@id\":\"http:\/\/www.sc-rieste.de\/?page_id=453#breadcrumb\"},\"inLanguage\":\"de\",\"potentialAction\":[{\"@type\":\"ReadAction\",\"target\":[\"http:\/\/www.sc-rieste.de\/?page_id=453\"]}]},{\"@type\":\"BreadcrumbList\",\"@id\":\"http:\/\/www.sc-rieste.de\/?page_id=453#breadcrumb\",\"itemListElement\":[{\"@type\":\"ListItem\",\"position\":1,\"name\":\"Startseite\",\"item\":\"https:\/\/www.sc-rieste.de\/\"},{\"@type\":\"ListItem\",\"position\":2,\"name\":\"Alte Herren\"}]},{\"@type\":\"WebSite\",\"@id\":\"https:\/\/www.sc-rieste.de\/#website\",\"url\":\"https:\/\/www.sc-rieste.de\/\",\"name\":\"SC Rieste\",\"description\":\"\",\"publisher\":{\"@id\":\"https:\/\/www.sc-rieste.de\/#organization\"},\"potentialAction\":[{\"@type\":\"SearchAction\",\"target\":{\"@type\":\"EntryPoint\",\"urlTemplate\":\"https:\/\/www.sc-rieste.de\/?s={search_term_string}\"},\"query-input\":\"required name=search_term_string\"}],\"inLanguage\":\"de\"},{\"@type\":\"Organization\",\"@id\":\"https:\/\/www.sc-rieste.de\/#organization\",\"name\":\"SC Rieste\",\"url\":\"https:\/\/www.sc-rieste.de\/\",\"logo\":{\"@type\":\"ImageObject\",\"inLanguage\":\"de\",\"@id\":\"https:\/\/www.sc-rieste.de\/#\/schema\/logo\/image\/\",\"url\":\"http:\/\/www.sc-rieste.de\/wp-content\/uploads\/2023\/01\/Logo-100-Jahre.jpg\",\"contentUrl\":\"http:\/\/www.sc-rieste.de\/wp-content\/uploads\/2023\/01\/Logo-100-Jahre.jpg\",\"width\":1942,\"height\":1008,\"caption\":\"SC Rieste\"},\"image\":{\"@id\":\"https:\/\/www.sc-rieste.de\/#\/schema\/logo\/image\/\"}}]}<\/script>\n<!-- \/ Yoast SEO plugin. -->","yoast_head_json":{"title":"Alte Herren - SC Rieste","robots":{"index":"index","follow":"follow","max-snippet":"max-snippet:-1","max-image-preview":"max-image-preview:large","max-video-preview":"max-video-preview:-1"},"canonical":"http:\/\/www.sc-rieste.de\/?page_id=453","og_locale":"de_DE","og_type":"article","og_title":"Alte Herren - SC Rieste","og_description":"Ansprechpartner: Guido R\u00f6wekamp 1. Vorsitzender 0172-5204905 Stefan Buck 2. Vorsitzender 0170-5601057 50Jahre Alte Herren &#8211; Jubil\u00e4umsturnier Das Jubil\u00e4umsturnier mit zehn Mannschaften war ein toller Erfolg. Die Mannschaften aus V\u00f6rden, vom TuS Neuenkirchen, der TSV Wallenhorst, BW Merzen und der SV Teutonia Staden aus Frankfurt bildeten die Gruppe A. Sie lieferten sich packende Spiele.Sieger der Gruppe [&hellip;]","og_url":"http:\/\/www.sc-rieste.de\/?page_id=453","og_site_name":"SC Rieste","article_modified_time":"2023-04-14T13:03:22+00:00","og_image":[{"url":"http:\/\/web.archive.org\/web\/20220624223359im_\/http:\/\/sc-rieste.de\/system\/html\/Alte%20Herren%20006.JPG-657f8480.jpg"}],"twitter_card":"summary_large_image","twitter_misc":{"Gesch\u00e4tzte Lesezeit":"7\u00a0Minuten"},"schema":{"@context":"https:\/\/schema.org","@graph":[{"@type":"WebPage","@id":"http:\/\/www.sc-rieste.de\/?page_id=453","url":"http:\/\/www.sc-rieste.de\/?page_id=453","name":"Alte Herren - SC Rieste","isPartOf":{"@id":"https:\/\/www.sc-rieste.de\/#website"},"datePublished":"2023-01-10T14:57:33+00:00","dateModified":"2023-04-14T13:03:22+00:00","breadcrumb":{"@id":"http:\/\/www.sc-rieste.de\/?page_id=453#breadcrumb"},"inLanguage":"de","potentialAction":[{"@type":"ReadAction","target":["http:\/\/www.sc-rieste.de\/?page_id=453"]}]},{"@type":"BreadcrumbList","@id":"http:\/\/www.sc-rieste.de\/?page_id=453#breadcrumb","itemListElement":[{"@type":"ListItem","position":1,"name":"Startseite","item":"https:\/\/www.sc-rieste.de\/"},{"@type":"ListItem","position":2,"name":"Alte Herren"}]},{"@type":"WebSite","@id":"https:\/\/www.sc-rieste.de\/#website","url":"https:\/\/www.sc-rieste.de\/","name":"SC Rieste","description":"","publisher":{"@id":"https:\/\/www.sc-rieste.de\/#organization"},"potentialAction":[{"@type":"SearchAction","target":{"@type":"EntryPoint","urlTemplate":"https:\/\/www.sc-rieste.de\/?s={search_term_string}"},"query-input":"required name=search_term_string"}],"inLanguage":"de"},{"@type":"Organization","@id":"https:\/\/www.sc-rieste.de\/#organization","name":"SC Rieste","url":"https:\/\/www.sc-rieste.de\/","logo":{"@type":"ImageObject","inLanguage":"de","@id":"https:\/\/www.sc-rieste.de\/#\/schema\/logo\/image\/","url":"http:\/\/www.sc-rieste.de\/wp-content\/uploads\/2023\/01\/Logo-100-Jahre.jpg","contentUrl":"http:\/\/www.sc-rieste.de\/wp-content\/uploads\/2023\/01\/Logo-100-Jahre.jpg","width":1942,"height":1008,"caption":"SC Rieste"},"image":{"@id":"https:\/\/www.sc-rieste.de\/#\/schema\/logo\/image\/"}}]}},"_links":{"self":[{"href":"http:\/\/www.sc-rieste.de\/index.php?rest_route=\/wp\/v2\/pages\/453","targetHints":{"allow":["GET"]}}],"collection":[{"href":"http:\/\/www.sc-rieste.de\/index.php?rest_route=\/wp\/v2\/pages"}],"about":[{"href":"http:\/\/www.sc-rieste.de\/index.php?rest_route=\/wp\/v2\/types\/page"}],"author":[{"embeddable":true,"href":"http:\/\/www.sc-rieste.de\/index.php?rest_route=\/wp\/v2\/users\/1"}],"replies":[{"embeddable":true,"href":"http:\/\/www.sc-rieste.de\/index.php?rest_route=%2Fwp%2Fv2%2Fcomments&post=453"}],"version-history":[{"count":5,"href":"http:\/\/www.sc-rieste.de\/index.php?rest_route=\/wp\/v2\/pages\/453\/revisions"}],"predecessor-version":[{"id":594,"href":"http:\/\/www.sc-rieste.de\/index.php?rest_route=\/wp\/v2\/pages\/453\/revisions\/594"}],"wp:attachment":[{"href":"http:\/\/www.sc-rieste.de\/index.php?rest_route=%2Fwp%2Fv2%2Fmedia&parent=453"}],"curies":[{"name":"wp","href":"https:\/\/api.w.org\/{rel}","templated":true}]}}