{"id":434,"date":"2023-01-05T11:52:59","date_gmt":"2023-01-05T10:52:59","guid":{"rendered":"http:\/\/www.sc-rieste.de\/?page_id=434"},"modified":"2023-05-04T18:58:26","modified_gmt":"2023-05-04T16:58:26","slug":"sportanlagen","status":"publish","type":"page","link":"http:\/\/www.sc-rieste.de\/?page_id=434","title":{"rendered":"Sportanlagen"},"content":{"rendered":"\n<p>Dem SC Rieste stehen an der Von-Pallandt-Stra\u00dfe zwei Sportpl\u00e4tze und ein Trainingsplatz zur Verf\u00fcgung. Das Sporthaus wurde in den Jahren 1997 &#8211; 1999 gr\u00f6\u00dftenteils in Eigenleistung erbaut. Neben den Umkleider\u00e4umen und dem Vereinsb\u00fcro befindet sich auch das Vereinslokal in dem Geb\u00e4ude. Dort werden w\u00e4hrend des Spielbetriebs Speisen und Getr\u00e4nke angeboten und die Mannschaften treffen sich hier zu &#8222;3. Halbzeit&#8220;. Am Au\u00dfenpavillon wird ebenfalls f\u00fcr das leibliche Wohl der Zuschauer gesorgt.<\/p>\n\n\n\n<p>Telefon Sporthaus: 05464-\u00a096 96 715<\/p>\n\n\n\n<hr class=\"wp-block-separator has-alpha-channel-opacity\"\/>\n\n\n\n<figure class=\"wp-block-image\"><img decoding=\"async\" src=\"http:\/\/web.archive.org\/web\/20220525014043im_\/http:\/\/sc-rieste.de\/tl_files\/01_wir\/anlagen\/sporthaus1cols1.jpg\" alt=\"\"\/><\/figure>\n\n\n\n<figure class=\"wp-block-image\"><img decoding=\"async\" src=\"http:\/\/web.archive.org\/web\/20220525014043im_\/http:\/\/sc-rieste.de\/tl_files\/01_wir\/anlagen\/sporthaus3cols1.jpg\" alt=\"\"\/><\/figure>\n","protected":false},"excerpt":{"rendered":"<p>Dem SC Rieste stehen an der Von-Pallandt-Stra\u00dfe zwei Sportpl\u00e4tze und ein Trainingsplatz zur Verf\u00fcgung. Das Sporthaus wurde in den Jahren 1997 &#8211; 1999 gr\u00f6\u00dftenteils in Eigenleistung erbaut. Neben den Umkleider\u00e4umen und dem Vereinsb\u00fcro befindet sich auch das Vereinslokal in dem Geb\u00e4ude. Dort werden w\u00e4hrend des Spielbetriebs Speisen und Getr\u00e4nke angeboten und die Mannschaften treffen sich [&hellip;]<\/p>\n","protected":false},"author":1,"featured_media":0,"parent":0,"menu_order":0,"comment_status":"closed","ping_status":"closed","template":"","meta":{"footnotes":""},"class_list":["post-434","page","type-page","status-publish","hentry"],"yoast_head":"<!-- This site is optimized with the Yoast SEO plugin v19.14 - https:\/\/yoast.com\/wordpress\/plugins\/seo\/ -->\n<title>Sportanlagen - SC Rieste<\/title>\n<meta name=\"robots\" content=\"index, follow, max-snippet:-1, max-image-preview:large, max-video-preview:-1\" \/>\n<link rel=\"canonical\" href=\"http:\/\/www.sc-rieste.de\/?page_id=434\" \/>\n<meta property=\"og:locale\" content=\"de_DE\" \/>\n<meta property=\"og:type\" content=\"article\" \/>\n<meta property=\"og:title\" content=\"Sportanlagen - SC Rieste\" \/>\n<meta property=\"og:description\" content=\"Dem SC Rieste stehen an der Von-Pallandt-Stra\u00dfe zwei Sportpl\u00e4tze und ein Trainingsplatz zur Verf\u00fcgung. Das Sporthaus wurde in den Jahren 1997 &#8211; 1999 gr\u00f6\u00dftenteils in Eigenleistung erbaut. Neben den Umkleider\u00e4umen und dem Vereinsb\u00fcro befindet sich auch das Vereinslokal in dem Geb\u00e4ude. Dort werden w\u00e4hrend des Spielbetriebs Speisen und Getr\u00e4nke angeboten und die Mannschaften treffen sich [&hellip;]\" \/>\n<meta property=\"og:url\" content=\"http:\/\/www.sc-rieste.de\/?page_id=434\" \/>\n<meta property=\"og:site_name\" content=\"SC Rieste\" \/>\n<meta property=\"article:modified_time\" content=\"2023-05-04T16:58:26+00:00\" \/>\n<meta property=\"og:image\" content=\"http:\/\/web.archive.org\/web\/20220525014043im_\/http:\/\/sc-rieste.de\/tl_files\/01_wir\/anlagen\/sporthaus1cols1.jpg\" \/>\n<meta name=\"twitter:card\" content=\"summary_large_image\" \/>\n<script type=\"application\/ld+json\" class=\"yoast-schema-graph\">{\"@context\":\"https:\/\/schema.org\",\"@graph\":[{\"@type\":\"WebPage\",\"@id\":\"http:\/\/www.sc-rieste.de\/?page_id=434\",\"url\":\"http:\/\/www.sc-rieste.de\/?page_id=434\",\"name\":\"Sportanlagen - SC Rieste\",\"isPartOf\":{\"@id\":\"http:\/\/www.sc-rieste.de\/#website\"},\"datePublished\":\"2023-01-05T10:52:59+00:00\",\"dateModified\":\"2023-05-04T16:58:26+00:00\",\"breadcrumb\":{\"@id\":\"http:\/\/www.sc-rieste.de\/?page_id=434#breadcrumb\"},\"inLanguage\":\"de\",\"potentialAction\":[{\"@type\":\"ReadAction\",\"target\":[\"http:\/\/www.sc-rieste.de\/?page_id=434\"]}]},{\"@type\":\"BreadcrumbList\",\"@id\":\"http:\/\/www.sc-rieste.de\/?page_id=434#breadcrumb\",\"itemListElement\":[{\"@type\":\"ListItem\",\"position\":1,\"name\":\"Startseite\",\"item\":\"http:\/\/www.sc-rieste.de\/\"},{\"@type\":\"ListItem\",\"position\":2,\"name\":\"Sportanlagen\"}]},{\"@type\":\"WebSite\",\"@id\":\"http:\/\/www.sc-rieste.de\/#website\",\"url\":\"http:\/\/www.sc-rieste.de\/\",\"name\":\"SC Rieste\",\"description\":\"\",\"publisher\":{\"@id\":\"http:\/\/www.sc-rieste.de\/#organization\"},\"potentialAction\":[{\"@type\":\"SearchAction\",\"target\":{\"@type\":\"EntryPoint\",\"urlTemplate\":\"http:\/\/www.sc-rieste.de\/?s={search_term_string}\"},\"query-input\":\"required name=search_term_string\"}],\"inLanguage\":\"de\"},{\"@type\":\"Organization\",\"@id\":\"http:\/\/www.sc-rieste.de\/#organization\",\"name\":\"SC Rieste\",\"url\":\"http:\/\/www.sc-rieste.de\/\",\"logo\":{\"@type\":\"ImageObject\",\"inLanguage\":\"de\",\"@id\":\"http:\/\/www.sc-rieste.de\/#\/schema\/logo\/image\/\",\"url\":\"http:\/\/www.sc-rieste.de\/wp-content\/uploads\/2023\/01\/Logo-100-Jahre.jpg\",\"contentUrl\":\"http:\/\/www.sc-rieste.de\/wp-content\/uploads\/2023\/01\/Logo-100-Jahre.jpg\",\"width\":1942,\"height\":1008,\"caption\":\"SC Rieste\"},\"image\":{\"@id\":\"http:\/\/www.sc-rieste.de\/#\/schema\/logo\/image\/\"}}]}<\/script>\n<!-- \/ Yoast SEO plugin. -->","yoast_head_json":{"title":"Sportanlagen - SC Rieste","robots":{"index":"index","follow":"follow","max-snippet":"max-snippet:-1","max-image-preview":"max-image-preview:large","max-video-preview":"max-video-preview:-1"},"canonical":"http:\/\/www.sc-rieste.de\/?page_id=434","og_locale":"de_DE","og_type":"article","og_title":"Sportanlagen - SC Rieste","og_description":"Dem SC Rieste stehen an der Von-Pallandt-Stra\u00dfe zwei Sportpl\u00e4tze und ein Trainingsplatz zur Verf\u00fcgung. Das Sporthaus wurde in den Jahren 1997 &#8211; 1999 gr\u00f6\u00dftenteils in Eigenleistung erbaut. Neben den Umkleider\u00e4umen und dem Vereinsb\u00fcro befindet sich auch das Vereinslokal in dem Geb\u00e4ude. Dort werden w\u00e4hrend des Spielbetriebs Speisen und Getr\u00e4nke angeboten und die Mannschaften treffen sich [&hellip;]","og_url":"http:\/\/www.sc-rieste.de\/?page_id=434","og_site_name":"SC Rieste","article_modified_time":"2023-05-04T16:58:26+00:00","og_image":[{"url":"http:\/\/web.archive.org\/web\/20220525014043im_\/http:\/\/sc-rieste.de\/tl_files\/01_wir\/anlagen\/sporthaus1cols1.jpg"}],"twitter_card":"summary_large_image","schema":{"@context":"https:\/\/schema.org","@graph":[{"@type":"WebPage","@id":"http:\/\/www.sc-rieste.de\/?page_id=434","url":"http:\/\/www.sc-rieste.de\/?page_id=434","name":"Sportanlagen - SC Rieste","isPartOf":{"@id":"http:\/\/www.sc-rieste.de\/#website"},"datePublished":"2023-01-05T10:52:59+00:00","dateModified":"2023-05-04T16:58:26+00:00","breadcrumb":{"@id":"http:\/\/www.sc-rieste.de\/?page_id=434#breadcrumb"},"inLanguage":"de","potentialAction":[{"@type":"ReadAction","target":["http:\/\/www.sc-rieste.de\/?page_id=434"]}]},{"@type":"BreadcrumbList","@id":"http:\/\/www.sc-rieste.de\/?page_id=434#breadcrumb","itemListElement":[{"@type":"ListItem","position":1,"name":"Startseite","item":"http:\/\/www.sc-rieste.de\/"},{"@type":"ListItem","position":2,"name":"Sportanlagen"}]},{"@type":"WebSite","@id":"http:\/\/www.sc-rieste.de\/#website","url":"http:\/\/www.sc-rieste.de\/","name":"SC Rieste","description":"","publisher":{"@id":"http:\/\/www.sc-rieste.de\/#organization"},"potentialAction":[{"@type":"SearchAction","target":{"@type":"EntryPoint","urlTemplate":"http:\/\/www.sc-rieste.de\/?s={search_term_string}"},"query-input":"required name=search_term_string"}],"inLanguage":"de"},{"@type":"Organization","@id":"http:\/\/www.sc-rieste.de\/#organization","name":"SC Rieste","url":"http:\/\/www.sc-rieste.de\/","logo":{"@type":"ImageObject","inLanguage":"de","@id":"http:\/\/www.sc-rieste.de\/#\/schema\/logo\/image\/","url":"http:\/\/www.sc-rieste.de\/wp-content\/uploads\/2023\/01\/Logo-100-Jahre.jpg","contentUrl":"http:\/\/www.sc-rieste.de\/wp-content\/uploads\/2023\/01\/Logo-100-Jahre.jpg","width":1942,"height":1008,"caption":"SC Rieste"},"image":{"@id":"http:\/\/www.sc-rieste.de\/#\/schema\/logo\/image\/"}}]}},"_links":{"self":[{"href":"http:\/\/www.sc-rieste.de\/index.php?rest_route=\/wp\/v2\/pages\/434","targetHints":{"allow":["GET"]}}],"collection":[{"href":"http:\/\/www.sc-rieste.de\/index.php?rest_route=\/wp\/v2\/pages"}],"about":[{"href":"http:\/\/www.sc-rieste.de\/index.php?rest_route=\/wp\/v2\/types\/page"}],"author":[{"embeddable":true,"href":"http:\/\/www.sc-rieste.de\/index.php?rest_route=\/wp\/v2\/users\/1"}],"replies":[{"embeddable":true,"href":"http:\/\/www.sc-rieste.de\/index.php?rest_route=%2Fwp%2Fv2%2Fcomments&post=434"}],"version-history":[{"count":3,"href":"http:\/\/www.sc-rieste.de\/index.php?rest_route=\/wp\/v2\/pages\/434\/revisions"}],"predecessor-version":[{"id":602,"href":"http:\/\/www.sc-rieste.de\/index.php?rest_route=\/wp\/v2\/pages\/434\/revisions\/602"}],"wp:attachment":[{"href":"http:\/\/www.sc-rieste.de\/index.php?rest_route=%2Fwp%2Fv2%2Fmedia&parent=434"}],"curies":[{"name":"wp","href":"https:\/\/api.w.org\/{rel}","templated":true}]}}