{"id":432,"date":"2023-01-05T11:52:24","date_gmt":"2023-01-05T10:52:24","guid":{"rendered":"http:\/\/www.sc-rieste.de\/?page_id=432"},"modified":"2023-01-16T15:38:01","modified_gmt":"2023-01-16T14:38:01","slug":"geschichte","status":"publish","type":"page","link":"http:\/\/www.sc-rieste.de\/?page_id=432","title":{"rendered":"Geschichte"},"content":{"rendered":"\n<h3 class=\"wp-block-heading\">Der SC Rieste &#8211; Von den Anf\u00e4ngen bis heute<\/h3>\n\n\n\n<p>Die Urspr\u00fcnge des Fu\u00dfballspielens in Rieste gehen auf das Jahr 1908 zur\u00fcck. August Thesing hatte sich in dem Jahr einen Fu\u00dfball gekauft. \u00dcberall, wo es freie Pl\u00e4tze gab, versuchte er mit Gleichgesinnten diese \u201eneue\u201c Sportart auch in Rieste einzuf\u00fchren. Diese Entwicklung wurde leider durch den ersten Weltkrieg (1914-1918) unterbrochen. Im Fr\u00fchjahr des Jahres <strong><mark style=\"background-color:rgba(0, 0, 0, 0)\" class=\"has-inline-color has-foreground-color\">1920 <\/mark><\/strong>war es dann soweit, es begann ein planvoller Spielbetrieb. Alfred Kienholt, Fritz B\u00f6ning, Fritz Feldkamp, Hermann M\u00fcller und die Br\u00fcder Karl und Heinrich Stricker gr\u00fcndeten im selben Jahr den Fu\u00dfballclub <strong><mark style=\"background-color:rgba(0, 0, 0, 0)\" class=\"has-inline-color has-foreground-color\">\u201eFC Stern\u201c Rieste<\/mark><\/strong>. Im Sommer 1920 wurden die ersten Wettspiele ausgetragen. F\u00fcr den jungen \u201eFC Stern\u201c stellte der Besitzer des Meyerhofes, Arnold Wulfert-Meyer, eine Weide in der N\u00e4he seines Hofes unentgeltlich zur Verf\u00fcgung. Im Jahre 1923\/24 wurde der Meyerhof verpachtet und der neue P\u00e4chter k\u00fcndigte den Fu\u00dfballplatz, notgedrungen musste der FC Stern seinen Spielbetrieb einstellen. Die Spieler schlossen sich dem TuS Neuenkirchen an, der unter dem Namen TuS Rieste-Neuenkirchen am laufenden Spielbetrieb teilnahm. Auch wenn die besten Fu\u00dfballer abgewandert waren hielt die Fu\u00dfballbegeisterung in Rieste an. In den einzelnen Ortsteilen fanden sich immer junge Leute zusammen die dem runden Leder nachjagten. Leider durften diese Mannschaften nicht an einem geordneten Spielbetrieb auf Verbandsebene teilnehmen. Im Herbst des Jahres <strong><mark style=\"background-color:rgba(0, 0, 0, 0)\" class=\"has-inline-color has-foreground-color\">1929 <\/mark><\/strong>setzten sich die Vorst\u00e4nde der Bauernschaftsvereine endlich zusammen und gr\u00fcndeten den Riester Fu\u00dfballverein neu. Diese Vereinigung erhielt den Namen \u201e<strong><mark style=\"background-color:rgba(0, 0, 0, 0)\" class=\"has-inline-color has-foreground-color\">DJK<\/mark><\/strong>\u201c Deutsche Jugendkraft. (DJK=Deutsche Jungendkraft, ein Verband f\u00fcr Leibes\u00fcbungen in katholischen Vereinen, der 1935 verboten wurde). Da sich dieser Verein in der Obhut der kath. Kirche befand, stellte die Kirchengemeinde ein geeignetes Gel\u00e4nde f\u00fcr einen Sportplatz auf Lage zur Verf\u00fcgung. Neben dem Fu\u00dfballsport wurde auch Leichtathletik und das Turnen besonders gepflegt. Nach der Macht\u00fcbernahme durch die NSDAP 1933 wurden alle Vereine und Organisationen \u201egleichgeschaltet\u201c. Demnach h\u00f6rte die DJK dem Namen nach <strong><mark style=\"background-color:rgba(0, 0, 0, 0)\" class=\"has-inline-color has-foreground-color\">1934 <\/mark><\/strong>auf und es entstand der<strong><mark style=\"background-color:rgba(0, 0, 0, 0)\" class=\"has-inline-color has-foreground-color\"> TuS Rieste<\/mark><\/strong>. Die neue Staffeleinteilung ergab f\u00fcr den TuS Rieste die Zuordnung zur C-Klasse. Der erste Vorsitzende und alle anderen Vorstandsmitglieder wurden in ihren \u00c4mtern belassen. 1936\/37 gewann der TuS Rieste die Meisterschaft in der Staffel C und erlangte die Berechtigung f\u00fcr die Aufstiegsspiele in die n\u00e4chsth\u00f6here Klasse. Durch den Krieg wurde es f\u00fcr alle Sportvereine sehr schwer, den Spielbetrieb aufrecht zu erhalten. So konnte erst <strong><mark style=\"background-color:rgba(0, 0, 0, 0)\" class=\"has-inline-color has-foreground-color\">1946 <\/mark><\/strong>eine neue Mannschaft aufgestellt werden. Auf Gehei\u00df der Milit\u00e4rregierung durfte der alte Name nicht beibehalten werden und so wurde sich auf den Namen<strong><mark style=\"background-color:rgba(0, 0, 0, 0)\" class=\"has-inline-color has-foreground-color\"> \u201eSport-Club \u2013 SC Rieste\u201c<\/mark><\/strong> geeinigt, das Gr\u00fcndungsjahr 1920 (alter Mitgliedsausweis) wurde beibehalten. Im M\u00e4rz des Jahres 1959 wurde der Verein dann um die Tischtennis-Abteilung erweitert, die seit dieser Zeit am geordneten Spielbetrieb teilnimmt. Die Radsportabteilung wurde Ende der neunziger Jahre ins Leben gerufen.<\/p>\n\n\n\n<p>Pfingsten <strong><mark style=\"background-color:rgba(0, 0, 0, 0)\" class=\"has-inline-color has-foreground-color\">2010 <\/mark><\/strong>feierten wir unser 90 j\u00e4hriges Bestehen, verbunden mit einem Kinder- und Jugendturnier auf unseren Sportpl\u00e4tzen auf Lage.\u00a0<\/p>\n\n\n\n<p><strong><mark style=\"background-color:rgba(0, 0, 0, 0)\" class=\"has-inline-color has-foreground-color\">2020 <\/mark><\/strong>sollte ein gro\u00dfartiges Jahr voller Lachen und Spa\u00df beim SCR werden. So startete 2020 mit der \u00fcblichen Jahreshauptversammlung und einem Ausblick auf die allseits beliebte Jugendbetreuer- und Sponsorenfete. Parallel wurden in der Presse die ersten F\u00e4lle von Covid-19 Erkrankungen in China bekannt. Weit genug weg, um eine wirkliche Gefahr zu erkennen, ging man in Deutschland zun\u00e4chst von einem schweren Grippeverlauf aus. Wie aggressiv dieses Virus wirklich ist, wurde allen unmittelbar bewusst, als L\u00e4ndergrenzen geschlossen wurden und die Politik \u00fcber eine potenzielle Triage in Kliniken sprach.<\/p>\n\n\n\n<p>Das erste und \u2013 was zu diesem Zeitpunkt niemand geahnt hat &#8211; leider einzige Highlight des 100-j\u00e4hrigen Vereinsjubil\u00e4ums, war der am Sonntag, <strong><mark style=\"background-color:rgba(0, 0, 0, 0)\" class=\"has-inline-color has-foreground-color\">01.03.2020<\/mark><\/strong> unmittelbar nach der Jugendbetreuerfete stattfindende <strong><mark style=\"background-color:rgba(0, 0, 0, 0)\" class=\"has-inline-color has-foreground-color\">Hallentag<\/mark><\/strong>, in den beiden Sporthallen der Johannesschule Rieste, bei dem sich unsere Hallensportarten Frauenfitness, Kinderturnen, Tischtennis und Boxen ganzt\u00e4gig vor \u201evollen\u201c Zuschauerr\u00e4ngen hervorragend pr\u00e4sentierten.<\/p>\n\n\n\n<figure class=\"wp-block-image size-large\"><img decoding=\"async\" width=\"1024\" height=\"768\" src=\"http:\/\/www.sc-rieste.de\/wp-content\/uploads\/2023\/01\/P3010858-1-1-1024x768.jpg\" alt=\"\" class=\"wp-image-541\" srcset=\"http:\/\/www.sc-rieste.de\/wp-content\/uploads\/2023\/01\/P3010858-1-1-1024x768.jpg 1024w, http:\/\/www.sc-rieste.de\/wp-content\/uploads\/2023\/01\/P3010858-1-1-300x225.jpg 300w, http:\/\/www.sc-rieste.de\/wp-content\/uploads\/2023\/01\/P3010858-1-1-768x576.jpg 768w, http:\/\/www.sc-rieste.de\/wp-content\/uploads\/2023\/01\/P3010858-1-1-1536x1152.jpg 1536w, http:\/\/www.sc-rieste.de\/wp-content\/uploads\/2023\/01\/P3010858-1-1-2048x1536.jpg 2048w, http:\/\/www.sc-rieste.de\/wp-content\/uploads\/2023\/01\/P3010858-1-1-1170x878.jpg 1170w\" sizes=\"(max-width: 1024px) 100vw, 1024px\" \/><figcaption class=\"wp-element-caption\">Hallentag 2020<\/figcaption><\/figure>\n\n\n\n<p>Das gro\u00dfe 100-Jahre-Jubil\u00e4um musste abgesagt werden, zu viele Menschen, zu wenig Abstand. <\/p>\n","protected":false},"excerpt":{"rendered":"<p>Der SC Rieste &#8211; Von den Anf\u00e4ngen bis heute Die Urspr\u00fcnge des Fu\u00dfballspielens in Rieste gehen auf das Jahr 1908 zur\u00fcck. August Thesing hatte sich in dem Jahr einen Fu\u00dfball gekauft. \u00dcberall, wo es freie Pl\u00e4tze gab, versuchte er mit Gleichgesinnten diese \u201eneue\u201c Sportart auch in Rieste einzuf\u00fchren. Diese Entwicklung wurde leider durch den ersten [&hellip;]<\/p>\n","protected":false},"author":1,"featured_media":0,"parent":0,"menu_order":0,"comment_status":"closed","ping_status":"closed","template":"","meta":{"footnotes":""},"class_list":["post-432","page","type-page","status-publish","hentry"],"yoast_head":"<!-- This site is optimized with the Yoast SEO plugin v19.14 - https:\/\/yoast.com\/wordpress\/plugins\/seo\/ -->\n<title>Geschichte - SC Rieste<\/title>\n<meta name=\"robots\" content=\"index, follow, max-snippet:-1, max-image-preview:large, max-video-preview:-1\" \/>\n<link rel=\"canonical\" href=\"http:\/\/www.sc-rieste.de\/?page_id=432\" \/>\n<meta property=\"og:locale\" content=\"de_DE\" \/>\n<meta property=\"og:type\" content=\"article\" \/>\n<meta property=\"og:title\" content=\"Geschichte - SC Rieste\" \/>\n<meta property=\"og:description\" content=\"Der SC Rieste &#8211; Von den Anf\u00e4ngen bis heute Die Urspr\u00fcnge des Fu\u00dfballspielens in Rieste gehen auf das Jahr 1908 zur\u00fcck. August Thesing hatte sich in dem Jahr einen Fu\u00dfball gekauft. \u00dcberall, wo es freie Pl\u00e4tze gab, versuchte er mit Gleichgesinnten diese \u201eneue\u201c Sportart auch in Rieste einzuf\u00fchren. Diese Entwicklung wurde leider durch den ersten [&hellip;]\" \/>\n<meta property=\"og:url\" content=\"http:\/\/www.sc-rieste.de\/?page_id=432\" \/>\n<meta property=\"og:site_name\" content=\"SC Rieste\" \/>\n<meta property=\"article:modified_time\" content=\"2023-01-16T14:38:01+00:00\" \/>\n<meta property=\"og:image\" content=\"http:\/\/www.sc-rieste.de\/wp-content\/uploads\/2023\/01\/P3010858-1-1-1024x768.jpg\" \/>\n<meta name=\"twitter:card\" content=\"summary_large_image\" \/>\n<meta name=\"twitter:label1\" content=\"Gesch\u00e4tzte Lesezeit\" \/>\n\t<meta name=\"twitter:data1\" content=\"4\u00a0Minuten\" \/>\n<script type=\"application\/ld+json\" class=\"yoast-schema-graph\">{\"@context\":\"https:\/\/schema.org\",\"@graph\":[{\"@type\":\"WebPage\",\"@id\":\"http:\/\/www.sc-rieste.de\/?page_id=432\",\"url\":\"http:\/\/www.sc-rieste.de\/?page_id=432\",\"name\":\"Geschichte - SC Rieste\",\"isPartOf\":{\"@id\":\"https:\/\/www.sc-rieste.de\/#website\"},\"datePublished\":\"2023-01-05T10:52:24+00:00\",\"dateModified\":\"2023-01-16T14:38:01+00:00\",\"breadcrumb\":{\"@id\":\"http:\/\/www.sc-rieste.de\/?page_id=432#breadcrumb\"},\"inLanguage\":\"de\",\"potentialAction\":[{\"@type\":\"ReadAction\",\"target\":[\"http:\/\/www.sc-rieste.de\/?page_id=432\"]}]},{\"@type\":\"BreadcrumbList\",\"@id\":\"http:\/\/www.sc-rieste.de\/?page_id=432#breadcrumb\",\"itemListElement\":[{\"@type\":\"ListItem\",\"position\":1,\"name\":\"Startseite\",\"item\":\"https:\/\/www.sc-rieste.de\/\"},{\"@type\":\"ListItem\",\"position\":2,\"name\":\"Geschichte\"}]},{\"@type\":\"WebSite\",\"@id\":\"https:\/\/www.sc-rieste.de\/#website\",\"url\":\"https:\/\/www.sc-rieste.de\/\",\"name\":\"SC Rieste\",\"description\":\"\",\"publisher\":{\"@id\":\"https:\/\/www.sc-rieste.de\/#organization\"},\"potentialAction\":[{\"@type\":\"SearchAction\",\"target\":{\"@type\":\"EntryPoint\",\"urlTemplate\":\"https:\/\/www.sc-rieste.de\/?s={search_term_string}\"},\"query-input\":\"required name=search_term_string\"}],\"inLanguage\":\"de\"},{\"@type\":\"Organization\",\"@id\":\"https:\/\/www.sc-rieste.de\/#organization\",\"name\":\"SC Rieste\",\"url\":\"https:\/\/www.sc-rieste.de\/\",\"logo\":{\"@type\":\"ImageObject\",\"inLanguage\":\"de\",\"@id\":\"https:\/\/www.sc-rieste.de\/#\/schema\/logo\/image\/\",\"url\":\"http:\/\/www.sc-rieste.de\/wp-content\/uploads\/2023\/01\/Logo-100-Jahre.jpg\",\"contentUrl\":\"http:\/\/www.sc-rieste.de\/wp-content\/uploads\/2023\/01\/Logo-100-Jahre.jpg\",\"width\":1942,\"height\":1008,\"caption\":\"SC Rieste\"},\"image\":{\"@id\":\"https:\/\/www.sc-rieste.de\/#\/schema\/logo\/image\/\"}}]}<\/script>\n<!-- \/ Yoast SEO plugin. -->","yoast_head_json":{"title":"Geschichte - SC Rieste","robots":{"index":"index","follow":"follow","max-snippet":"max-snippet:-1","max-image-preview":"max-image-preview:large","max-video-preview":"max-video-preview:-1"},"canonical":"http:\/\/www.sc-rieste.de\/?page_id=432","og_locale":"de_DE","og_type":"article","og_title":"Geschichte - SC Rieste","og_description":"Der SC Rieste &#8211; Von den Anf\u00e4ngen bis heute Die Urspr\u00fcnge des Fu\u00dfballspielens in Rieste gehen auf das Jahr 1908 zur\u00fcck. August Thesing hatte sich in dem Jahr einen Fu\u00dfball gekauft. \u00dcberall, wo es freie Pl\u00e4tze gab, versuchte er mit Gleichgesinnten diese \u201eneue\u201c Sportart auch in Rieste einzuf\u00fchren. Diese Entwicklung wurde leider durch den ersten [&hellip;]","og_url":"http:\/\/www.sc-rieste.de\/?page_id=432","og_site_name":"SC Rieste","article_modified_time":"2023-01-16T14:38:01+00:00","og_image":[{"url":"http:\/\/www.sc-rieste.de\/wp-content\/uploads\/2023\/01\/P3010858-1-1-1024x768.jpg"}],"twitter_card":"summary_large_image","twitter_misc":{"Gesch\u00e4tzte Lesezeit":"4\u00a0Minuten"},"schema":{"@context":"https:\/\/schema.org","@graph":[{"@type":"WebPage","@id":"http:\/\/www.sc-rieste.de\/?page_id=432","url":"http:\/\/www.sc-rieste.de\/?page_id=432","name":"Geschichte - SC Rieste","isPartOf":{"@id":"https:\/\/www.sc-rieste.de\/#website"},"datePublished":"2023-01-05T10:52:24+00:00","dateModified":"2023-01-16T14:38:01+00:00","breadcrumb":{"@id":"http:\/\/www.sc-rieste.de\/?page_id=432#breadcrumb"},"inLanguage":"de","potentialAction":[{"@type":"ReadAction","target":["http:\/\/www.sc-rieste.de\/?page_id=432"]}]},{"@type":"BreadcrumbList","@id":"http:\/\/www.sc-rieste.de\/?page_id=432#breadcrumb","itemListElement":[{"@type":"ListItem","position":1,"name":"Startseite","item":"https:\/\/www.sc-rieste.de\/"},{"@type":"ListItem","position":2,"name":"Geschichte"}]},{"@type":"WebSite","@id":"https:\/\/www.sc-rieste.de\/#website","url":"https:\/\/www.sc-rieste.de\/","name":"SC Rieste","description":"","publisher":{"@id":"https:\/\/www.sc-rieste.de\/#organization"},"potentialAction":[{"@type":"SearchAction","target":{"@type":"EntryPoint","urlTemplate":"https:\/\/www.sc-rieste.de\/?s={search_term_string}"},"query-input":"required name=search_term_string"}],"inLanguage":"de"},{"@type":"Organization","@id":"https:\/\/www.sc-rieste.de\/#organization","name":"SC Rieste","url":"https:\/\/www.sc-rieste.de\/","logo":{"@type":"ImageObject","inLanguage":"de","@id":"https:\/\/www.sc-rieste.de\/#\/schema\/logo\/image\/","url":"http:\/\/www.sc-rieste.de\/wp-content\/uploads\/2023\/01\/Logo-100-Jahre.jpg","contentUrl":"http:\/\/www.sc-rieste.de\/wp-content\/uploads\/2023\/01\/Logo-100-Jahre.jpg","width":1942,"height":1008,"caption":"SC Rieste"},"image":{"@id":"https:\/\/www.sc-rieste.de\/#\/schema\/logo\/image\/"}}]}},"_links":{"self":[{"href":"http:\/\/www.sc-rieste.de\/index.php?rest_route=\/wp\/v2\/pages\/432","targetHints":{"allow":["GET"]}}],"collection":[{"href":"http:\/\/www.sc-rieste.de\/index.php?rest_route=\/wp\/v2\/pages"}],"about":[{"href":"http:\/\/www.sc-rieste.de\/index.php?rest_route=\/wp\/v2\/types\/page"}],"author":[{"embeddable":true,"href":"http:\/\/www.sc-rieste.de\/index.php?rest_route=\/wp\/v2\/users\/1"}],"replies":[{"embeddable":true,"href":"http:\/\/www.sc-rieste.de\/index.php?rest_route=%2Fwp%2Fv2%2Fcomments&post=432"}],"version-history":[{"count":4,"href":"http:\/\/www.sc-rieste.de\/index.php?rest_route=\/wp\/v2\/pages\/432\/revisions"}],"predecessor-version":[{"id":543,"href":"http:\/\/www.sc-rieste.de\/index.php?rest_route=\/wp\/v2\/pages\/432\/revisions\/543"}],"wp:attachment":[{"href":"http:\/\/www.sc-rieste.de\/index.php?rest_route=%2Fwp%2Fv2%2Fmedia&parent=432"}],"curies":[{"name":"wp","href":"https:\/\/api.w.org\/{rel}","templated":true}]}}