{"id":426,"date":"2023-01-05T11:50:05","date_gmt":"2023-01-05T10:50:05","guid":{"rendered":"http:\/\/www.sc-rieste.de\/?page_id=426"},"modified":"2025-01-31T15:14:18","modified_gmt":"2025-01-31T14:14:18","slug":"about-2-2","status":"publish","type":"page","link":"http:\/\/www.sc-rieste.de\/?page_id=426","title":{"rendered":"Mitglieder \/ Beitr\u00e4ge"},"content":{"rendered":"\n<p>Der SC Rieste freut sich immer neue Mitglieder begr\u00fc\u00dfen zu d\u00fcrfen. Solltet ihr Fragen haben, geht gerne jederzeit auf die jeweiligen Trainer:innen \/ \u00dcbungsleiter:innen zu.<\/p>\n\n\n\n<p><strong>Monatsbeitr\u00e4ge<\/strong><\/p>\n\n\n\n<p>Kinder:\u00a0\u00a0\u00a0\u00a0\u00a0\u00a0\u00a0\u00a0 \u00a0 4,50 EUR<\/p>\n\n\n\n<p>Erwachsene: 9,00 EUR<\/p>\n\n\n\n<p>Familien:&nbsp;&nbsp;&nbsp;&nbsp;&nbsp;&nbsp; 12,00 EUR<\/p>\n\n\n\n<div class=\"wp-block-file\"><a id=\"wp-block-file--media-5d126dc1-100f-48cb-8a81-ebe162135d99\" href=\"http:\/\/www.sc-rieste.de\/wp-content\/uploads\/2023\/01\/Eintrittserklaerung_SC_Rieste_2023.pdf\">Eintrittserklaerung_SC_Rieste_2023<\/a><a href=\"http:\/\/www.sc-rieste.de\/wp-content\/uploads\/2023\/01\/Eintrittserklaerung_SC_Rieste_2023.pdf\" class=\"wp-block-file__button wp-element-button\" download aria-describedby=\"wp-block-file--media-5d126dc1-100f-48cb-8a81-ebe162135d99\">Herunterladen<\/a><\/div>\n\n\n\n<div class=\"wp-block-file\"><a id=\"wp-block-file--media-577db4e4-89ee-4880-8eb4-a4cb62d75b80\" href=\"http:\/\/www.sc-rieste.de\/wp-content\/uploads\/2023\/01\/Antrag_auf_Erteilung_einer_Spielerlaubnis.pdf\">Antrag_auf_Erteilung_einer_Spielerlaubnis<\/a><a href=\"http:\/\/www.sc-rieste.de\/wp-content\/uploads\/2023\/01\/Antrag_auf_Erteilung_einer_Spielerlaubnis.pdf\" class=\"wp-block-file__button wp-element-button\" download aria-describedby=\"wp-block-file--media-577db4e4-89ee-4880-8eb4-a4cb62d75b80\">Herunterladen<\/a><\/div>\n","protected":false},"excerpt":{"rendered":"<p>Der SC Rieste freut sich immer neue Mitglieder begr\u00fc\u00dfen zu d\u00fcrfen. Solltet ihr Fragen haben, geht gerne jederzeit auf die jeweiligen Trainer:innen \/ \u00dcbungsleiter:innen zu. Monatsbeitr\u00e4ge Kinder:\u00a0\u00a0\u00a0\u00a0\u00a0\u00a0\u00a0\u00a0 \u00a0 4,50 EUR Erwachsene: 9,00 EUR Familien:&nbsp;&nbsp;&nbsp;&nbsp;&nbsp;&nbsp; 12,00 EUR<\/p>\n","protected":false},"author":1,"featured_media":0,"parent":0,"menu_order":0,"comment_status":"closed","ping_status":"closed","template":"","meta":{"footnotes":""},"class_list":["post-426","page","type-page","status-publish","hentry"],"yoast_head":"<!-- This site is optimized with the Yoast SEO plugin v19.14 - https:\/\/yoast.com\/wordpress\/plugins\/seo\/ -->\n<title>Mitglieder \/ Beitr\u00e4ge - SC Rieste<\/title>\n<meta name=\"robots\" content=\"index, follow, max-snippet:-1, max-image-preview:large, max-video-preview:-1\" \/>\n<link rel=\"canonical\" href=\"http:\/\/www.sc-rieste.de\/?page_id=426\" \/>\n<meta property=\"og:locale\" content=\"de_DE\" \/>\n<meta property=\"og:type\" content=\"article\" \/>\n<meta property=\"og:title\" content=\"Mitglieder \/ Beitr\u00e4ge - SC Rieste\" \/>\n<meta property=\"og:description\" content=\"Der SC Rieste freut sich immer neue Mitglieder begr\u00fc\u00dfen zu d\u00fcrfen. Solltet ihr Fragen haben, geht gerne jederzeit auf die jeweiligen Trainer:innen \/ \u00dcbungsleiter:innen zu. Monatsbeitr\u00e4ge Kinder:\u00a0\u00a0\u00a0\u00a0\u00a0\u00a0\u00a0\u00a0 \u00a0 4,50 EUR Erwachsene: 9,00 EUR Familien:&nbsp;&nbsp;&nbsp;&nbsp;&nbsp;&nbsp; 12,00 EUR\" \/>\n<meta property=\"og:url\" content=\"http:\/\/www.sc-rieste.de\/?page_id=426\" \/>\n<meta property=\"og:site_name\" content=\"SC Rieste\" \/>\n<meta property=\"article:modified_time\" content=\"2025-01-31T14:14:18+00:00\" \/>\n<meta name=\"twitter:card\" content=\"summary_large_image\" \/>\n<meta name=\"twitter:label1\" content=\"Gesch\u00e4tzte Lesezeit\" \/>\n\t<meta name=\"twitter:data1\" content=\"1\u00a0Minute\" \/>\n<script type=\"application\/ld+json\" class=\"yoast-schema-graph\">{\"@context\":\"https:\/\/schema.org\",\"@graph\":[{\"@type\":\"WebPage\",\"@id\":\"http:\/\/www.sc-rieste.de\/?page_id=426\",\"url\":\"http:\/\/www.sc-rieste.de\/?page_id=426\",\"name\":\"Mitglieder \/ Beitr\u00e4ge - SC Rieste\",\"isPartOf\":{\"@id\":\"https:\/\/www.sc-rieste.de\/#website\"},\"datePublished\":\"2023-01-05T10:50:05+00:00\",\"dateModified\":\"2025-01-31T14:14:18+00:00\",\"breadcrumb\":{\"@id\":\"http:\/\/www.sc-rieste.de\/?page_id=426#breadcrumb\"},\"inLanguage\":\"de\",\"potentialAction\":[{\"@type\":\"ReadAction\",\"target\":[\"http:\/\/www.sc-rieste.de\/?page_id=426\"]}]},{\"@type\":\"BreadcrumbList\",\"@id\":\"http:\/\/www.sc-rieste.de\/?page_id=426#breadcrumb\",\"itemListElement\":[{\"@type\":\"ListItem\",\"position\":1,\"name\":\"Startseite\",\"item\":\"https:\/\/www.sc-rieste.de\/\"},{\"@type\":\"ListItem\",\"position\":2,\"name\":\"Mitglieder \/ Beitr\u00e4ge\"}]},{\"@type\":\"WebSite\",\"@id\":\"https:\/\/www.sc-rieste.de\/#website\",\"url\":\"https:\/\/www.sc-rieste.de\/\",\"name\":\"SC Rieste\",\"description\":\"\",\"publisher\":{\"@id\":\"https:\/\/www.sc-rieste.de\/#organization\"},\"potentialAction\":[{\"@type\":\"SearchAction\",\"target\":{\"@type\":\"EntryPoint\",\"urlTemplate\":\"https:\/\/www.sc-rieste.de\/?s={search_term_string}\"},\"query-input\":\"required name=search_term_string\"}],\"inLanguage\":\"de\"},{\"@type\":\"Organization\",\"@id\":\"https:\/\/www.sc-rieste.de\/#organization\",\"name\":\"SC Rieste\",\"url\":\"https:\/\/www.sc-rieste.de\/\",\"logo\":{\"@type\":\"ImageObject\",\"inLanguage\":\"de\",\"@id\":\"https:\/\/www.sc-rieste.de\/#\/schema\/logo\/image\/\",\"url\":\"http:\/\/www.sc-rieste.de\/wp-content\/uploads\/2023\/01\/Logo-100-Jahre.jpg\",\"contentUrl\":\"http:\/\/www.sc-rieste.de\/wp-content\/uploads\/2023\/01\/Logo-100-Jahre.jpg\",\"width\":1942,\"height\":1008,\"caption\":\"SC Rieste\"},\"image\":{\"@id\":\"https:\/\/www.sc-rieste.de\/#\/schema\/logo\/image\/\"}}]}<\/script>\n<!-- \/ Yoast SEO plugin. -->","yoast_head_json":{"title":"Mitglieder \/ Beitr\u00e4ge - SC Rieste","robots":{"index":"index","follow":"follow","max-snippet":"max-snippet:-1","max-image-preview":"max-image-preview:large","max-video-preview":"max-video-preview:-1"},"canonical":"http:\/\/www.sc-rieste.de\/?page_id=426","og_locale":"de_DE","og_type":"article","og_title":"Mitglieder \/ Beitr\u00e4ge - SC Rieste","og_description":"Der SC Rieste freut sich immer neue Mitglieder begr\u00fc\u00dfen zu d\u00fcrfen. Solltet ihr Fragen haben, geht gerne jederzeit auf die jeweiligen Trainer:innen \/ \u00dcbungsleiter:innen zu. Monatsbeitr\u00e4ge Kinder:\u00a0\u00a0\u00a0\u00a0\u00a0\u00a0\u00a0\u00a0 \u00a0 4,50 EUR Erwachsene: 9,00 EUR Familien:&nbsp;&nbsp;&nbsp;&nbsp;&nbsp;&nbsp; 12,00 EUR","og_url":"http:\/\/www.sc-rieste.de\/?page_id=426","og_site_name":"SC Rieste","article_modified_time":"2025-01-31T14:14:18+00:00","twitter_card":"summary_large_image","twitter_misc":{"Gesch\u00e4tzte Lesezeit":"1\u00a0Minute"},"schema":{"@context":"https:\/\/schema.org","@graph":[{"@type":"WebPage","@id":"http:\/\/www.sc-rieste.de\/?page_id=426","url":"http:\/\/www.sc-rieste.de\/?page_id=426","name":"Mitglieder \/ Beitr\u00e4ge - SC Rieste","isPartOf":{"@id":"https:\/\/www.sc-rieste.de\/#website"},"datePublished":"2023-01-05T10:50:05+00:00","dateModified":"2025-01-31T14:14:18+00:00","breadcrumb":{"@id":"http:\/\/www.sc-rieste.de\/?page_id=426#breadcrumb"},"inLanguage":"de","potentialAction":[{"@type":"ReadAction","target":["http:\/\/www.sc-rieste.de\/?page_id=426"]}]},{"@type":"BreadcrumbList","@id":"http:\/\/www.sc-rieste.de\/?page_id=426#breadcrumb","itemListElement":[{"@type":"ListItem","position":1,"name":"Startseite","item":"https:\/\/www.sc-rieste.de\/"},{"@type":"ListItem","position":2,"name":"Mitglieder \/ Beitr\u00e4ge"}]},{"@type":"WebSite","@id":"https:\/\/www.sc-rieste.de\/#website","url":"https:\/\/www.sc-rieste.de\/","name":"SC Rieste","description":"","publisher":{"@id":"https:\/\/www.sc-rieste.de\/#organization"},"potentialAction":[{"@type":"SearchAction","target":{"@type":"EntryPoint","urlTemplate":"https:\/\/www.sc-rieste.de\/?s={search_term_string}"},"query-input":"required name=search_term_string"}],"inLanguage":"de"},{"@type":"Organization","@id":"https:\/\/www.sc-rieste.de\/#organization","name":"SC Rieste","url":"https:\/\/www.sc-rieste.de\/","logo":{"@type":"ImageObject","inLanguage":"de","@id":"https:\/\/www.sc-rieste.de\/#\/schema\/logo\/image\/","url":"http:\/\/www.sc-rieste.de\/wp-content\/uploads\/2023\/01\/Logo-100-Jahre.jpg","contentUrl":"http:\/\/www.sc-rieste.de\/wp-content\/uploads\/2023\/01\/Logo-100-Jahre.jpg","width":1942,"height":1008,"caption":"SC Rieste"},"image":{"@id":"https:\/\/www.sc-rieste.de\/#\/schema\/logo\/image\/"}}]}},"_links":{"self":[{"href":"http:\/\/www.sc-rieste.de\/index.php?rest_route=\/wp\/v2\/pages\/426","targetHints":{"allow":["GET"]}}],"collection":[{"href":"http:\/\/www.sc-rieste.de\/index.php?rest_route=\/wp\/v2\/pages"}],"about":[{"href":"http:\/\/www.sc-rieste.de\/index.php?rest_route=\/wp\/v2\/types\/page"}],"author":[{"embeddable":true,"href":"http:\/\/www.sc-rieste.de\/index.php?rest_route=\/wp\/v2\/users\/1"}],"replies":[{"embeddable":true,"href":"http:\/\/www.sc-rieste.de\/index.php?rest_route=%2Fwp%2Fv2%2Fcomments&post=426"}],"version-history":[{"count":7,"href":"http:\/\/www.sc-rieste.de\/index.php?rest_route=\/wp\/v2\/pages\/426\/revisions"}],"predecessor-version":[{"id":707,"href":"http:\/\/www.sc-rieste.de\/index.php?rest_route=\/wp\/v2\/pages\/426\/revisions\/707"}],"wp:attachment":[{"href":"http:\/\/www.sc-rieste.de\/index.php?rest_route=%2Fwp%2Fv2%2Fmedia&parent=426"}],"curies":[{"name":"wp","href":"https:\/\/api.w.org\/{rel}","templated":true}]}}