{"id":418,"date":"2023-01-04T14:32:54","date_gmt":"2023-01-04T13:32:54","guid":{"rendered":"http:\/\/www.sc-rieste.de\/?page_id=418"},"modified":"2023-04-14T14:51:05","modified_gmt":"2023-04-14T12:51:05","slug":"contact-2","status":"publish","type":"page","link":"http:\/\/www.sc-rieste.de\/?page_id=418","title":{"rendered":"Impressum"},"content":{"rendered":"\n<p><strong>SC-Rieste von 1920 e.V.<\/strong><br>von-Pallandt-Stra\u00dfe 1<br>49597 Rieste<br><br>Tel.: 05464 96 96 715<br>Mail:\u00a0 info@sc-rieste.de<\/p>\n\n\n\n<p>vertreten durch den Vorsitzenden: Richard Steinkamp, Krahnstra\u00dfe 16, 49597 Rieste.<\/p>\n\n\n\n<p>Inhaltlich verantwortlich gem\u00e4\u00df \u00a7 6 MDStV:&nbsp;Richard Steinkamp&nbsp;<br><br>Haftung f\u00fcr Inhalte<br>Die Inhalte unserer Seiten wurden mit gr\u00f6\u00dfter Sorgfalt erstellt. F\u00fcr die Richtigkeit, Vollst\u00e4ndigkeit und Aktualit\u00e4t der Inhalte k\u00f6nnen wir jedoch keine Gew\u00e4hr \u00fcbernehmen.<br>Als Diensteanbieter sind wir gem\u00e4\u00df \u00a7 7 Abs.1 TMG f\u00fcr eigene Inhalte auf diesen Seiten nach den allgemeinen Gesetzen verantwortlich. Nach \u00a7\u00a7 8 bis 10 TMG sind wir als Diensteanbieter jedoch nicht verpflichtet, \u00fcbermittelte oder gespeicherte fremde Informationen zu \u00fcberwachen oder nach Umst\u00e4nden zu forschen, die auf eine rechtswidrige T\u00e4tigkeit hinweisen. Verpflichtungen zur Entfernung oder Sperrung der Nutzung von Informationen nach den allgemeinen Gesetzen bleiben hiervon unber\u00fchrt. Eine diesbez\u00fcgliche Haftung ist jedoch erst ab dem Zeitpunkt der Kenntnis einer konkreten Rechtsverletzung m\u00f6glich. Bei bekannt werden von entsprechenden Rechtsverletzungen werden wir diese Inhalte umgehend entfernen.<\/p>\n\n\n\n<p>Haftung f\u00fcr Links<br>Unser Angebot enth\u00e4lt Links zu externen Webseiten Dritter, auf deren Inhalte wir keinen Einfluss haben. Deshalb k\u00f6nnen wir f\u00fcr diese fremden Inhalte auch keine Gew\u00e4hr \u00fcbernehmen. F\u00fcr die Inhalte der verlinkten Seiten ist stets der jeweilige Anbieter oder Betreiber der Seiten verantwortlich. Die verlinkten Seiten wurden zum Zeitpunkt der Verlinkung auf m\u00f6gliche Rechtsverst\u00f6\u00dfe \u00fcberpr\u00fcft. Rechtswidrige Inhalte waren zum Zeitpunkt der Verlinkung nicht erkennbar. Eine permanente inhaltliche Kontrolle der verlinkten Seiten ist jedoch ohne konkrete Anhaltspunkte einer Rechtsverletzung nicht zumutbar. Bei bekannt werden von Rechtsverletzungen werden wir derartige Links umgehend entfernen.<\/p>\n\n\n\n<p>Urheberrecht<br>Die durch die Seitenbetreiber erstellten Inhalte und Werke auf diesen Seiten unterliegen dem deutschen Urheberrecht. Beitr\u00e4ge Dritter sind als solche gekennzeichnet. Die Vervielf\u00e4ltigung, Bearbeitung, Verbreitung und jede Art der Verwertung au\u00dferhalb der Grenzen des Urheberrechtes bed\u00fcrfen der schriftlichen Zustimmung des jeweiligen Autors bzw. Erstellers. Downloads und Kopien dieser Seite sind nur f\u00fcr den privaten, nicht kommerziellen Gebrauch gestattet.<br>Die Betreiber der Seiten sind bem\u00fcht, stets die Urheberrechte anderer zu beachten bzw. auf selbst erstellte sowie lizenzfreie Werke zur\u00fcckzugreifen.<\/p>\n\n\n\n<p><\/p>\n","protected":false},"excerpt":{"rendered":"<p>SC-Rieste von 1920 e.V.von-Pallandt-Stra\u00dfe 149597 Rieste Tel.: 05464 96 96 715Mail:\u00a0 info@sc-rieste.de vertreten durch den Vorsitzenden: Richard Steinkamp, Krahnstra\u00dfe 16, 49597 Rieste. Inhaltlich verantwortlich gem\u00e4\u00df \u00a7 6 MDStV:&nbsp;Richard Steinkamp&nbsp; Haftung f\u00fcr InhalteDie Inhalte unserer Seiten wurden mit gr\u00f6\u00dfter Sorgfalt erstellt. F\u00fcr die Richtigkeit, Vollst\u00e4ndigkeit und Aktualit\u00e4t der Inhalte k\u00f6nnen wir jedoch keine Gew\u00e4hr \u00fcbernehmen.Als Diensteanbieter [&hellip;]<\/p>\n","protected":false},"author":1,"featured_media":0,"parent":0,"menu_order":0,"comment_status":"closed","ping_status":"closed","template":"","meta":{"footnotes":""},"class_list":["post-418","page","type-page","status-publish","hentry"],"yoast_head":"<!-- This site is optimized with the Yoast SEO plugin v19.14 - https:\/\/yoast.com\/wordpress\/plugins\/seo\/ -->\n<title>Impressum - SC Rieste<\/title>\n<meta name=\"robots\" content=\"index, follow, max-snippet:-1, max-image-preview:large, max-video-preview:-1\" \/>\n<link rel=\"canonical\" href=\"https:\/\/www.sc-rieste.de\/?page_id=418\" \/>\n<meta property=\"og:locale\" content=\"de_DE\" \/>\n<meta property=\"og:type\" content=\"article\" \/>\n<meta property=\"og:title\" content=\"Impressum - SC Rieste\" \/>\n<meta property=\"og:description\" content=\"SC-Rieste von 1920 e.V.von-Pallandt-Stra\u00dfe 149597 Rieste Tel.: 05464 96 96 715Mail:\u00a0 info@sc-rieste.de vertreten durch den Vorsitzenden: Richard Steinkamp, Krahnstra\u00dfe 16, 49597 Rieste. Inhaltlich verantwortlich gem\u00e4\u00df \u00a7 6 MDStV:&nbsp;Richard Steinkamp&nbsp; Haftung f\u00fcr InhalteDie Inhalte unserer Seiten wurden mit gr\u00f6\u00dfter Sorgfalt erstellt. F\u00fcr die Richtigkeit, Vollst\u00e4ndigkeit und Aktualit\u00e4t der Inhalte k\u00f6nnen wir jedoch keine Gew\u00e4hr \u00fcbernehmen.Als Diensteanbieter [&hellip;]\" \/>\n<meta property=\"og:url\" content=\"https:\/\/www.sc-rieste.de\/?page_id=418\" \/>\n<meta property=\"og:site_name\" content=\"SC Rieste\" \/>\n<meta property=\"article:modified_time\" content=\"2023-04-14T12:51:05+00:00\" \/>\n<meta name=\"twitter:card\" content=\"summary_large_image\" \/>\n<meta name=\"twitter:label1\" content=\"Gesch\u00e4tzte Lesezeit\" \/>\n\t<meta name=\"twitter:data1\" content=\"2\u00a0Minuten\" \/>\n<script type=\"application\/ld+json\" class=\"yoast-schema-graph\">{\"@context\":\"https:\/\/schema.org\",\"@graph\":[{\"@type\":\"WebPage\",\"@id\":\"https:\/\/www.sc-rieste.de\/?page_id=418\",\"url\":\"https:\/\/www.sc-rieste.de\/?page_id=418\",\"name\":\"Impressum - SC Rieste\",\"isPartOf\":{\"@id\":\"https:\/\/www.sc-rieste.de\/#website\"},\"datePublished\":\"2023-01-04T13:32:54+00:00\",\"dateModified\":\"2023-04-14T12:51:05+00:00\",\"breadcrumb\":{\"@id\":\"https:\/\/www.sc-rieste.de\/?page_id=418#breadcrumb\"},\"inLanguage\":\"de\",\"potentialAction\":[{\"@type\":\"ReadAction\",\"target\":[\"https:\/\/www.sc-rieste.de\/?page_id=418\"]}]},{\"@type\":\"BreadcrumbList\",\"@id\":\"https:\/\/www.sc-rieste.de\/?page_id=418#breadcrumb\",\"itemListElement\":[{\"@type\":\"ListItem\",\"position\":1,\"name\":\"Startseite\",\"item\":\"https:\/\/www.sc-rieste.de\/\"},{\"@type\":\"ListItem\",\"position\":2,\"name\":\"Impressum\"}]},{\"@type\":\"WebSite\",\"@id\":\"https:\/\/www.sc-rieste.de\/#website\",\"url\":\"https:\/\/www.sc-rieste.de\/\",\"name\":\"SC Rieste\",\"description\":\"\",\"publisher\":{\"@id\":\"https:\/\/www.sc-rieste.de\/#organization\"},\"potentialAction\":[{\"@type\":\"SearchAction\",\"target\":{\"@type\":\"EntryPoint\",\"urlTemplate\":\"https:\/\/www.sc-rieste.de\/?s={search_term_string}\"},\"query-input\":\"required name=search_term_string\"}],\"inLanguage\":\"de\"},{\"@type\":\"Organization\",\"@id\":\"https:\/\/www.sc-rieste.de\/#organization\",\"name\":\"SC Rieste\",\"url\":\"https:\/\/www.sc-rieste.de\/\",\"logo\":{\"@type\":\"ImageObject\",\"inLanguage\":\"de\",\"@id\":\"https:\/\/www.sc-rieste.de\/#\/schema\/logo\/image\/\",\"url\":\"http:\/\/www.sc-rieste.de\/wp-content\/uploads\/2023\/01\/Logo-100-Jahre.jpg\",\"contentUrl\":\"http:\/\/www.sc-rieste.de\/wp-content\/uploads\/2023\/01\/Logo-100-Jahre.jpg\",\"width\":1942,\"height\":1008,\"caption\":\"SC Rieste\"},\"image\":{\"@id\":\"https:\/\/www.sc-rieste.de\/#\/schema\/logo\/image\/\"}}]}<\/script>\n<!-- \/ Yoast SEO plugin. -->","yoast_head_json":{"title":"Impressum - SC Rieste","robots":{"index":"index","follow":"follow","max-snippet":"max-snippet:-1","max-image-preview":"max-image-preview:large","max-video-preview":"max-video-preview:-1"},"canonical":"https:\/\/www.sc-rieste.de\/?page_id=418","og_locale":"de_DE","og_type":"article","og_title":"Impressum - SC Rieste","og_description":"SC-Rieste von 1920 e.V.von-Pallandt-Stra\u00dfe 149597 Rieste Tel.: 05464 96 96 715Mail:\u00a0 info@sc-rieste.de vertreten durch den Vorsitzenden: Richard Steinkamp, Krahnstra\u00dfe 16, 49597 Rieste. Inhaltlich verantwortlich gem\u00e4\u00df \u00a7 6 MDStV:&nbsp;Richard Steinkamp&nbsp; Haftung f\u00fcr InhalteDie Inhalte unserer Seiten wurden mit gr\u00f6\u00dfter Sorgfalt erstellt. F\u00fcr die Richtigkeit, Vollst\u00e4ndigkeit und Aktualit\u00e4t der Inhalte k\u00f6nnen wir jedoch keine Gew\u00e4hr \u00fcbernehmen.Als Diensteanbieter [&hellip;]","og_url":"https:\/\/www.sc-rieste.de\/?page_id=418","og_site_name":"SC Rieste","article_modified_time":"2023-04-14T12:51:05+00:00","twitter_card":"summary_large_image","twitter_misc":{"Gesch\u00e4tzte Lesezeit":"2\u00a0Minuten"},"schema":{"@context":"https:\/\/schema.org","@graph":[{"@type":"WebPage","@id":"https:\/\/www.sc-rieste.de\/?page_id=418","url":"https:\/\/www.sc-rieste.de\/?page_id=418","name":"Impressum - SC Rieste","isPartOf":{"@id":"https:\/\/www.sc-rieste.de\/#website"},"datePublished":"2023-01-04T13:32:54+00:00","dateModified":"2023-04-14T12:51:05+00:00","breadcrumb":{"@id":"https:\/\/www.sc-rieste.de\/?page_id=418#breadcrumb"},"inLanguage":"de","potentialAction":[{"@type":"ReadAction","target":["https:\/\/www.sc-rieste.de\/?page_id=418"]}]},{"@type":"BreadcrumbList","@id":"https:\/\/www.sc-rieste.de\/?page_id=418#breadcrumb","itemListElement":[{"@type":"ListItem","position":1,"name":"Startseite","item":"https:\/\/www.sc-rieste.de\/"},{"@type":"ListItem","position":2,"name":"Impressum"}]},{"@type":"WebSite","@id":"https:\/\/www.sc-rieste.de\/#website","url":"https:\/\/www.sc-rieste.de\/","name":"SC Rieste","description":"","publisher":{"@id":"https:\/\/www.sc-rieste.de\/#organization"},"potentialAction":[{"@type":"SearchAction","target":{"@type":"EntryPoint","urlTemplate":"https:\/\/www.sc-rieste.de\/?s={search_term_string}"},"query-input":"required name=search_term_string"}],"inLanguage":"de"},{"@type":"Organization","@id":"https:\/\/www.sc-rieste.de\/#organization","name":"SC Rieste","url":"https:\/\/www.sc-rieste.de\/","logo":{"@type":"ImageObject","inLanguage":"de","@id":"https:\/\/www.sc-rieste.de\/#\/schema\/logo\/image\/","url":"http:\/\/www.sc-rieste.de\/wp-content\/uploads\/2023\/01\/Logo-100-Jahre.jpg","contentUrl":"http:\/\/www.sc-rieste.de\/wp-content\/uploads\/2023\/01\/Logo-100-Jahre.jpg","width":1942,"height":1008,"caption":"SC Rieste"},"image":{"@id":"https:\/\/www.sc-rieste.de\/#\/schema\/logo\/image\/"}}]}},"_links":{"self":[{"href":"http:\/\/www.sc-rieste.de\/index.php?rest_route=\/wp\/v2\/pages\/418","targetHints":{"allow":["GET"]}}],"collection":[{"href":"http:\/\/www.sc-rieste.de\/index.php?rest_route=\/wp\/v2\/pages"}],"about":[{"href":"http:\/\/www.sc-rieste.de\/index.php?rest_route=\/wp\/v2\/types\/page"}],"author":[{"embeddable":true,"href":"http:\/\/www.sc-rieste.de\/index.php?rest_route=\/wp\/v2\/users\/1"}],"replies":[{"embeddable":true,"href":"http:\/\/www.sc-rieste.de\/index.php?rest_route=%2Fwp%2Fv2%2Fcomments&post=418"}],"version-history":[{"count":4,"href":"http:\/\/www.sc-rieste.de\/index.php?rest_route=\/wp\/v2\/pages\/418\/revisions"}],"predecessor-version":[{"id":589,"href":"http:\/\/www.sc-rieste.de\/index.php?rest_route=\/wp\/v2\/pages\/418\/revisions\/589"}],"wp:attachment":[{"href":"http:\/\/www.sc-rieste.de\/index.php?rest_route=%2Fwp%2Fv2%2Fmedia&parent=418"}],"curies":[{"name":"wp","href":"https:\/\/api.w.org\/{rel}","templated":true}]}}